{"id":22047,"date":"2025-04-16T13:56:10","date_gmt":"2025-04-16T11:56:10","guid":{"rendered":"https:\/\/www.k-fastigheter.se\/?page_id=22047"},"modified":"2025-06-10T14:40:27","modified_gmt":"2025-06-10T12:40:27","slug":"under-construction","status":"publish","type":"page","link":"https:\/\/www.k-fastigheter.se\/en\/under-construction\/","title":{"rendered":"Under construction"},"content":{"rendered":"\n<div class=\"wp-block-cover alignfull\" style=\"margin-bottom:var(--wp--preset--spacing--60);min-height:35vw;aspect-ratio:unset;\"><span aria-hidden=\"true\" class=\"wp-block-cover__background has-background-dim-100 has-background-dim has-background-gradient has-kfast-hero-gradient-background\"><\/span><img loading=\"lazy\" decoding=\"async\" width=\"2560\" height=\"1706\" src=\"https:\/\/www.k-fastigheter.se\/app\/uploads\/2024\/11\/20220406_ostra_vildrosen_1_standview03_new-scaled-1.jpg\" class=\"wp-block-cover__image-background wp-post-image\" alt=\"\" data-object-fit=\"cover\" srcset=\"https:\/\/www.k-fastigheter.se\/app\/uploads\/2024\/11\/20220406_ostra_vildrosen_1_standview03_new-scaled-1.jpg 2560w, https:\/\/www.k-fastigheter.se\/app\/uploads\/2024\/11\/20220406_ostra_vildrosen_1_standview03_new-scaled-1-300x200.jpg 300w, https:\/\/www.k-fastigheter.se\/app\/uploads\/2024\/11\/20220406_ostra_vildrosen_1_standview03_new-scaled-1-1024x682.jpg 1024w, https:\/\/www.k-fastigheter.se\/app\/uploads\/2024\/11\/20220406_ostra_vildrosen_1_standview03_new-scaled-1-768x512.jpg 768w, https:\/\/www.k-fastigheter.se\/app\/uploads\/2024\/11\/20220406_ostra_vildrosen_1_standview03_new-scaled-1-1600x1066.jpg 1600w, https:\/\/www.k-fastigheter.se\/app\/uploads\/2024\/11\/20220406_ostra_vildrosen_1_standview03_new-scaled-1-1536x1024.jpg 1536w, https:\/\/www.k-fastigheter.se\/app\/uploads\/2024\/11\/20220406_ostra_vildrosen_1_standview03_new-scaled-1-2048x1365.jpg 2048w, https:\/\/www.k-fastigheter.se\/app\/uploads\/2024\/11\/20220406_ostra_vildrosen_1_standview03_new-scaled-1-640x427.jpg 640w\" sizes=\"auto, (max-width: 2560px) 100vw, 2560px\" \/><div class=\"wp-block-cover__inner-container is-layout-constrained wp-block-cover-is-layout-constrained\">\n<h1 class=\"wp-block-heading has-text-align-left has-accent-2-color has-text-color has-link-color wp-elements-7f4697d452c4300d4c40fea1341ad418\">Properties Under construction<\/h1>\n\n\n\n<p class=\"has-medium-font-size\"><strong><em>Within our Contracting division, the business areas Project Development, Prefab, and Construction are included. We develop land, manufacture structural frames, and build properties. Below you will find properties currently under construction. Some of these we will continue to manage after completion, while others are being produced for external clients.<\/em><\/strong><\/p>\n<\/div><\/div>\n\n\n\n        <div class=\"realestate-wrapper alignwide\"><div class=\"realestate-listnings\"><a class=\"realestate-item\" href=\"https:\/\/www.k-fastigheter.se\/en\/fastighet\/gardsten\/\" data-city=\"goteborg\">\n    <figure>\n        <img loading=\"lazy\" decoding=\"async\" width=\"640\" height=\"480\" src=\"https:\/\/www.k-fastigheter.se\/app\/uploads\/2025\/06\/gardsten_unit04_d01-640x480.webp\" class=\"attachment-full_xxs size-full_xxs wp-post-image\" alt=\"\" srcset=\"https:\/\/www.k-fastigheter.se\/app\/uploads\/2025\/06\/gardsten_unit04_d01-640x480.webp 640w, https:\/\/www.k-fastigheter.se\/app\/uploads\/2025\/06\/gardsten_unit04_d01-300x225.webp 300w, https:\/\/www.k-fastigheter.se\/app\/uploads\/2025\/06\/gardsten_unit04_d01-1024x768.webp 1024w, https:\/\/www.k-fastigheter.se\/app\/uploads\/2025\/06\/gardsten_unit04_d01-768x576.webp 768w, https:\/\/www.k-fastigheter.se\/app\/uploads\/2025\/06\/gardsten_unit04_d01-1600x1200.webp 1600w, https:\/\/www.k-fastigheter.se\/app\/uploads\/2025\/06\/gardsten_unit04_d01-1536x1152.webp 1536w, https:\/\/www.k-fastigheter.se\/app\/uploads\/2025\/06\/gardsten_unit04_d01-2048x1536.webp 2048w, https:\/\/www.k-fastigheter.se\/app\/uploads\/2025\/06\/gardsten_unit04_d01-576x432.webp 576w\" sizes=\"auto, (max-width: 640px) 100vw, 640px\" \/>    <\/figure>\n    <h2>G\u00e5rdsten 7:5<\/h2>\n    <p>G\u00f6teborg, G\u00e5rdsten<\/p><\/a><a class=\"realestate-item\" href=\"https:\/\/www.k-fastigheter.se\/en\/fastighet\/savenas-131114\/\" data-city=\"goteborg\">\n    <figure>\n        <img loading=\"lazy\" decoding=\"async\" width=\"640\" height=\"480\" src=\"https:\/\/www.k-fastigheter.se\/app\/uploads\/2025\/06\/k-fast_savenas-etapp03_unit02_final-web-640x480.webp\" class=\"attachment-full_xxs size-full_xxs wp-post-image\" alt=\"\" srcset=\"https:\/\/www.k-fastigheter.se\/app\/uploads\/2025\/06\/k-fast_savenas-etapp03_unit02_final-web-640x480.webp 640w, https:\/\/www.k-fastigheter.se\/app\/uploads\/2025\/06\/k-fast_savenas-etapp03_unit02_final-web-300x225.webp 300w, https:\/\/www.k-fastigheter.se\/app\/uploads\/2025\/06\/k-fast_savenas-etapp03_unit02_final-web-1024x768.webp 1024w, https:\/\/www.k-fastigheter.se\/app\/uploads\/2025\/06\/k-fast_savenas-etapp03_unit02_final-web-768x576.webp 768w, https:\/\/www.k-fastigheter.se\/app\/uploads\/2025\/06\/k-fast_savenas-etapp03_unit02_final-web-1600x1200.webp 1600w, https:\/\/www.k-fastigheter.se\/app\/uploads\/2025\/06\/k-fast_savenas-etapp03_unit02_final-web-1536x1152.webp 1536w, https:\/\/www.k-fastigheter.se\/app\/uploads\/2025\/06\/k-fast_savenas-etapp03_unit02_final-web-2048x1536.webp 2048w, https:\/\/www.k-fastigheter.se\/app\/uploads\/2025\/06\/k-fast_savenas-etapp03_unit02_final-web-576x432.webp 576w\" sizes=\"auto, (max-width: 640px) 100vw, 640px\" \/>    <\/figure>\n    <h2>S\u00e4ven\u00e4s 131:14<\/h2>\n    <p>G\u00f6teborg, Kv. S\u00e4ven\u00e4s<\/p><\/a><a class=\"realestate-item\" href=\"https:\/\/www.k-fastigheter.se\/en\/fastighet\/kv-utby-3113-gustavas-plats\/\" data-city=\"alvangen\">\n    <figure>\n        <img loading=\"lazy\" decoding=\"async\" width=\"640\" height=\"480\" src=\"https:\/\/www.k-fastigheter.se\/app\/uploads\/2025\/06\/k-fastigheter_gustavas-plats_unit02_final-scaled-1-640x480.webp\" class=\"attachment-full_xxs size-full_xxs wp-post-image\" alt=\"\" srcset=\"https:\/\/www.k-fastigheter.se\/app\/uploads\/2025\/06\/k-fastigheter_gustavas-plats_unit02_final-scaled-1-640x480.webp 640w, https:\/\/www.k-fastigheter.se\/app\/uploads\/2025\/06\/k-fastigheter_gustavas-plats_unit02_final-scaled-1-300x225.webp 300w, https:\/\/www.k-fastigheter.se\/app\/uploads\/2025\/06\/k-fastigheter_gustavas-plats_unit02_final-scaled-1-1024x768.webp 1024w, https:\/\/www.k-fastigheter.se\/app\/uploads\/2025\/06\/k-fastigheter_gustavas-plats_unit02_final-scaled-1-768x576.webp 768w, https:\/\/www.k-fastigheter.se\/app\/uploads\/2025\/06\/k-fastigheter_gustavas-plats_unit02_final-scaled-1-1600x1200.webp 1600w, https:\/\/www.k-fastigheter.se\/app\/uploads\/2025\/06\/k-fastigheter_gustavas-plats_unit02_final-scaled-1-1536x1152.webp 1536w, https:\/\/www.k-fastigheter.se\/app\/uploads\/2025\/06\/k-fastigheter_gustavas-plats_unit02_final-scaled-1-2048x1536.webp 2048w, https:\/\/www.k-fastigheter.se\/app\/uploads\/2025\/06\/k-fastigheter_gustavas-plats_unit02_final-scaled-1-576x432.webp 576w\" sizes=\"auto, (max-width: 640px) 100vw, 640px\" \/>    <\/figure>\n    <h2>Utby 3:113 Gustavas Plats<\/h2>\n    <p>\u00c4lv\u00e4ngen, Kv Utby 3:113<\/p><\/a><a class=\"realestate-item\" href=\"https:\/\/www.k-fastigheter.se\/en\/fastighet\/gavle-satra-10820\/\" data-city=\"gavle\">\n    <figure>\n        <img loading=\"lazy\" decoding=\"async\" width=\"640\" height=\"360\" src=\"https:\/\/www.k-fastigheter.se\/app\/uploads\/2025\/06\/gavle-satra-108_20-web-640x360.webp\" class=\"attachment-full_xxs size-full_xxs wp-post-image\" alt=\"\" srcset=\"https:\/\/www.k-fastigheter.se\/app\/uploads\/2025\/06\/gavle-satra-108_20-web-640x360.webp 640w, https:\/\/www.k-fastigheter.se\/app\/uploads\/2025\/06\/gavle-satra-108_20-web-300x169.webp 300w, https:\/\/www.k-fastigheter.se\/app\/uploads\/2025\/06\/gavle-satra-108_20-web-1024x576.webp 1024w, https:\/\/www.k-fastigheter.se\/app\/uploads\/2025\/06\/gavle-satra-108_20-web-768x432.webp 768w, https:\/\/www.k-fastigheter.se\/app\/uploads\/2025\/06\/gavle-satra-108_20-web-1600x900.webp 1600w, https:\/\/www.k-fastigheter.se\/app\/uploads\/2025\/06\/gavle-satra-108_20-web-1536x864.webp 1536w, https:\/\/www.k-fastigheter.se\/app\/uploads\/2025\/06\/gavle-satra-108_20-web-2048x1152.webp 2048w\" sizes=\"auto, (max-width: 640px) 100vw, 640px\" \/>    <\/figure>\n    <h2>G\u00e4vle S\u00e4tra 108:20<\/h2>\n    <p>G\u00e4vle, G\u00e4vle S\u00e4tra 108:20<\/p><\/a><a class=\"realestate-item\" href=\"https:\/\/www.k-fastigheter.se\/en\/fastighet\/vapenrocken-3\/\" data-city=\"vasteras\">\n    <figure>\n        <img loading=\"lazy\" decoding=\"async\" width=\"640\" height=\"480\" src=\"https:\/\/www.k-fastigheter.se\/app\/uploads\/2025\/06\/k-fastigheter_vapenrocken-3_unit-birdeye_web-640x480.webp\" class=\"attachment-full_xxs size-full_xxs wp-post-image\" alt=\"\" srcset=\"https:\/\/www.k-fastigheter.se\/app\/uploads\/2025\/06\/k-fastigheter_vapenrocken-3_unit-birdeye_web-640x480.webp 640w, https:\/\/www.k-fastigheter.se\/app\/uploads\/2025\/06\/k-fastigheter_vapenrocken-3_unit-birdeye_web-300x225.webp 300w, https:\/\/www.k-fastigheter.se\/app\/uploads\/2025\/06\/k-fastigheter_vapenrocken-3_unit-birdeye_web-1024x768.webp 1024w, https:\/\/www.k-fastigheter.se\/app\/uploads\/2025\/06\/k-fastigheter_vapenrocken-3_unit-birdeye_web-768x576.webp 768w, https:\/\/www.k-fastigheter.se\/app\/uploads\/2025\/06\/k-fastigheter_vapenrocken-3_unit-birdeye_web-1600x1200.webp 1600w, https:\/\/www.k-fastigheter.se\/app\/uploads\/2025\/06\/k-fastigheter_vapenrocken-3_unit-birdeye_web-1536x1152.webp 1536w, https:\/\/www.k-fastigheter.se\/app\/uploads\/2025\/06\/k-fastigheter_vapenrocken-3_unit-birdeye_web-2048x1536.webp 2048w, https:\/\/www.k-fastigheter.se\/app\/uploads\/2025\/06\/k-fastigheter_vapenrocken-3_unit-birdeye_web-576x432.webp 576w\" sizes=\"auto, (max-width: 640px) 100vw, 640px\" \/>    <\/figure>\n    <h2>Vapenrocken 3<\/h2>\n    <p>V\u00e4ster\u00e5s, Kv Vapenrocken 3<\/p><\/a><a class=\"realestate-item\" href=\"https:\/\/www.k-fastigheter.se\/en\/fastighet\/sandryggen-4\/\" data-city=\"lund\">\n    <figure>\n        <img loading=\"lazy\" decoding=\"async\" width=\"640\" height=\"384\" src=\"https:\/\/www.k-fastigheter.se\/app\/uploads\/2025\/06\/sandryggen-scaled.webp\" class=\"attachment-full_xxs size-full_xxs wp-post-image\" alt=\"\" srcset=\"https:\/\/www.k-fastigheter.se\/app\/uploads\/2025\/06\/sandryggen-scaled.webp 2560w, https:\/\/www.k-fastigheter.se\/app\/uploads\/2025\/06\/sandryggen-300x180.webp 300w, https:\/\/www.k-fastigheter.se\/app\/uploads\/2025\/06\/sandryggen-1024x614.webp 1024w, https:\/\/www.k-fastigheter.se\/app\/uploads\/2025\/06\/sandryggen-768x461.webp 768w, https:\/\/www.k-fastigheter.se\/app\/uploads\/2025\/06\/sandryggen-1600x960.webp 1600w\" sizes=\"auto, (max-width: 640px) 100vw, 640px\" \/>    <\/figure>\n    <h2>Sandryggen 4<\/h2>\n    <p>Lund, Kv Sandryggen 4<\/p><\/a><a class=\"realestate-item\" href=\"https:\/\/www.k-fastigheter.se\/en\/property\/skjutskontoret-3\/\" data-city=\"malmo\">\n    <figure>\n        <img loading=\"lazy\" decoding=\"async\" width=\"640\" height=\"384\" src=\"https:\/\/www.k-fastigheter.se\/app\/uploads\/2024\/09\/skjutskontoret-3-fasad-fr-innergard-640x384.webp\" class=\"attachment-full_xxs size-full_xxs wp-post-image\" alt=\"\" srcset=\"https:\/\/www.k-fastigheter.se\/app\/uploads\/2024\/09\/skjutskontoret-3-fasad-fr-innergard-640x384.webp 640w, https:\/\/www.k-fastigheter.se\/app\/uploads\/2024\/09\/skjutskontoret-3-fasad-fr-innergard-300x180.webp 300w, https:\/\/www.k-fastigheter.se\/app\/uploads\/2024\/09\/skjutskontoret-3-fasad-fr-innergard-1024x614.webp 1024w, https:\/\/www.k-fastigheter.se\/app\/uploads\/2024\/09\/skjutskontoret-3-fasad-fr-innergard-768x461.webp 768w, https:\/\/www.k-fastigheter.se\/app\/uploads\/2024\/09\/skjutskontoret-3-fasad-fr-innergard-1600x960.webp 1600w, https:\/\/www.k-fastigheter.se\/app\/uploads\/2024\/09\/skjutskontoret-3-fasad-fr-innergard-1536x922.webp 1536w, https:\/\/www.k-fastigheter.se\/app\/uploads\/2024\/09\/skjutskontoret-3-fasad-fr-innergard-2048x1229.webp 2048w\" sizes=\"auto, (max-width: 640px) 100vw, 640px\" \/>    <\/figure>\n    <h2>Skjutskontoret 3<\/h2>\n    <p>Malm\u00f6, Kv. Skjutskontoret 3<\/p><\/a><a class=\"realestate-item\" href=\"https:\/\/www.k-fastigheter.se\/en\/property\/masen\/\" data-city=\"strangnas\">\n    <figure>\n        <img loading=\"lazy\" decoding=\"async\" width=\"640\" height=\"360\" src=\"https:\/\/www.k-fastigheter.se\/app\/uploads\/2023\/03\/masen-punkthus-gemensam-gard-640x360.webp\" class=\"attachment-full_xxs size-full_xxs wp-post-image\" alt=\"\" srcset=\"https:\/\/www.k-fastigheter.se\/app\/uploads\/2023\/03\/masen-punkthus-gemensam-gard-640x360.webp 640w, https:\/\/www.k-fastigheter.se\/app\/uploads\/2023\/03\/masen-punkthus-gemensam-gard-300x169.webp 300w, https:\/\/www.k-fastigheter.se\/app\/uploads\/2023\/03\/masen-punkthus-gemensam-gard-1024x576.webp 1024w, https:\/\/www.k-fastigheter.se\/app\/uploads\/2023\/03\/masen-punkthus-gemensam-gard-768x432.webp 768w, https:\/\/www.k-fastigheter.se\/app\/uploads\/2023\/03\/masen-punkthus-gemensam-gard-1600x900.webp 1600w, https:\/\/www.k-fastigheter.se\/app\/uploads\/2023\/03\/masen-punkthus-gemensam-gard-1536x864.webp 1536w, https:\/\/www.k-fastigheter.se\/app\/uploads\/2023\/03\/masen-punkthus-gemensam-gard-2048x1152.webp 2048w\" sizes=\"auto, (max-width: 640px) 100vw, 640px\" \/>    <\/figure>\n    <h2>M\u00e5sen<\/h2>\n    <p>Str\u00e4ngn\u00e4s<\/p><\/a><a class=\"realestate-item\" href=\"https:\/\/www.k-fastigheter.se\/en\/property\/sagklingan-14\/\" data-city=\"vasteras\">\n    <figure>\n        <img loading=\"lazy\" decoding=\"async\" width=\"640\" height=\"360\" src=\"https:\/\/www.k-fastigheter.se\/app\/uploads\/2023\/09\/sagklingan-14-vasteras-14-scaled-1-jpg-webp.webp\" class=\"attachment-full_xxs size-full_xxs wp-post-image\" alt=\"\" \/>    <\/figure>\n    <h2>S\u00e5gklingan 14<\/h2>\n    <p>V\u00e4ster\u00e5s, \u00c4ngsg\u00e4rdet<\/p><\/a><a class=\"realestate-item\" href=\"https:\/\/www.k-fastigheter.se\/en\/property\/viktoria-22\/\" data-city=\"helsingborg\">\n    <figure>\n        <img loading=\"lazy\" decoding=\"async\" width=\"640\" height=\"480\" src=\"https:\/\/www.k-fastigheter.se\/app\/uploads\/2023\/09\/victoria-22_3.png\" class=\"attachment-full_xxs size-full_xxs wp-post-image\" alt=\"\" srcset=\"https:\/\/www.k-fastigheter.se\/app\/uploads\/2023\/09\/victoria-22_3.png 5000w, https:\/\/www.k-fastigheter.se\/app\/uploads\/2023\/09\/victoria-22_3-300x225.png 300w, https:\/\/www.k-fastigheter.se\/app\/uploads\/2023\/09\/victoria-22_3-1024x768.png 1024w, https:\/\/www.k-fastigheter.se\/app\/uploads\/2023\/09\/victoria-22_3-768x576.png 768w, https:\/\/www.k-fastigheter.se\/app\/uploads\/2023\/09\/victoria-22_3-1536x1152.png 1536w, https:\/\/www.k-fastigheter.se\/app\/uploads\/2023\/09\/victoria-22_3-2048x1536.png 2048w, https:\/\/www.k-fastigheter.se\/app\/uploads\/2023\/09\/victoria-22_3-576x432.png 576w\" sizes=\"auto, (max-width: 640px) 100vw, 640px\" \/>    <\/figure>\n    <h2>Viktoria 22<\/h2>\n    <p>Helsingborg, Kv. Viktoria 22<\/p><\/a><\/div><div class=\"realestate-filter\"><button class=\"active\" data-filter=\"city\" data-value=\"*\">All localities<\/button><button data-filter=\"city\" data-value=\"alvangen\">\u00c4lv\u00e4ngen<\/button><button data-filter=\"city\" data-value=\"gavle\">G\u00e4vle<\/button><button data-filter=\"city\" data-value=\"goteborg\">G\u00f6teborg<\/button><button data-filter=\"city\" data-value=\"helsingborg\">Helsingborg<\/button><button data-filter=\"city\" data-value=\"lund\">Lund<\/button><button data-filter=\"city\" data-value=\"malmo\">Malm\u00f6<\/button><button data-filter=\"city\" data-value=\"strangnas\">Str\u00e4ngn\u00e4s<\/button><button data-filter=\"city\" data-value=\"vasteras\">V\u00e4ster\u00e5s<\/button><\/div><\/div>","protected":false},"excerpt":{"rendered":"","protected":false},"author":1,"featured_media":20148,"parent":0,"menu_order":23,"comment_status":"closed","ping_status":"closed","template":"","meta":{"_acf_changed":false,"_eb_attr":"","inline_featured_image":false,"footnotes":""},"class_list":["post-22047","page","type-page","status-publish","has-post-thumbnail","hentry"],"acf":[],"yoast_head":"<!-- This site is optimized with the Yoast SEO plugin v26.3 - https:\/\/yoast.com\/wordpress\/plugins\/seo\/ -->\n<title>Under construction - K-Fastigheter<\/title>\n<meta name=\"robots\" content=\"index, follow, max-snippet:-1, max-image-preview:large, max-video-preview:-1\" \/>\n<link rel=\"canonical\" href=\"https:\/\/www.k-fastigheter.se\/en\/under-construction\/\" \/>\n<meta property=\"og:locale\" content=\"en_US\" \/>\n<meta property=\"og:type\" content=\"article\" \/>\n<meta property=\"og:title\" content=\"Under construction - K-Fastigheter\" \/>\n<meta property=\"og:url\" content=\"https:\/\/www.k-fastigheter.se\/en\/under-construction\/\" \/>\n<meta property=\"og:site_name\" content=\"K-Fastigheter\" \/>\n<meta property=\"article:modified_time\" content=\"2025-06-10T12:40:27+00:00\" \/>\n<meta property=\"og:image\" content=\"https:\/\/www.k-fastigheter.se\/app\/uploads\/2024\/11\/20220406_ostra_vildrosen_1_standview03_new-scaled-1.jpg\" \/>\n\t<meta property=\"og:image:width\" content=\"2560\" \/>\n\t<meta property=\"og:image:height\" content=\"1706\" \/>\n\t<meta property=\"og:image:type\" content=\"image\/jpeg\" \/>\n<meta name=\"twitter:card\" content=\"summary_large_image\" \/>\n<meta name=\"twitter:label1\" content=\"Est. reading time\" \/>\n\t<meta name=\"twitter:data1\" content=\"1 minute\" \/>\n<script type=\"application\/ld+json\" class=\"yoast-schema-graph\">{\"@context\":\"https:\/\/schema.org\",\"@graph\":[{\"@type\":\"WebPage\",\"@id\":\"https:\/\/www.k-fastigheter.se\/en\/under-construction\/\",\"url\":\"https:\/\/www.k-fastigheter.se\/en\/under-construction\/\",\"name\":\"Under construction - K-Fastigheter\",\"isPartOf\":{\"@id\":\"https:\/\/www.k-fastigheter.se\/#website\"},\"primaryImageOfPage\":{\"@id\":\"https:\/\/www.k-fastigheter.se\/en\/under-construction\/#primaryimage\"},\"image\":{\"@id\":\"https:\/\/www.k-fastigheter.se\/en\/under-construction\/#primaryimage\"},\"thumbnailUrl\":\"https:\/\/www.k-fastigheter.se\/app\/uploads\/2024\/11\/20220406_ostra_vildrosen_1_standview03_new-scaled-1.jpg\",\"datePublished\":\"2025-04-16T11:56:10+00:00\",\"dateModified\":\"2025-06-10T12:40:27+00:00\",\"breadcrumb\":{\"@id\":\"https:\/\/www.k-fastigheter.se\/en\/under-construction\/#breadcrumb\"},\"inLanguage\":\"en-US\",\"potentialAction\":[{\"@type\":\"ReadAction\",\"target\":[\"https:\/\/www.k-fastigheter.se\/en\/under-construction\/\"]}]},{\"@type\":\"ImageObject\",\"inLanguage\":\"en-US\",\"@id\":\"https:\/\/www.k-fastigheter.se\/en\/under-construction\/#primaryimage\",\"url\":\"https:\/\/www.k-fastigheter.se\/app\/uploads\/2024\/11\/20220406_ostra_vildrosen_1_standview03_new-scaled-1.jpg\",\"contentUrl\":\"https:\/\/www.k-fastigheter.se\/app\/uploads\/2024\/11\/20220406_ostra_vildrosen_1_standview03_new-scaled-1.jpg\",\"width\":2560,\"height\":1706},{\"@type\":\"BreadcrumbList\",\"@id\":\"https:\/\/www.k-fastigheter.se\/en\/under-construction\/#breadcrumb\",\"itemListElement\":[{\"@type\":\"ListItem\",\"position\":1,\"name\":\"Hem\",\"item\":\"https:\/\/www.k-fastigheter.se\/en\/\"},{\"@type\":\"ListItem\",\"position\":2,\"name\":\"Under construction\"}]},{\"@type\":\"WebSite\",\"@id\":\"https:\/\/www.k-fastigheter.se\/#website\",\"url\":\"https:\/\/www.k-fastigheter.se\/\",\"name\":\"K-Fastigheter\",\"description\":\"\",\"publisher\":{\"@id\":\"https:\/\/www.k-fastigheter.se\/#organization\"},\"potentialAction\":[{\"@type\":\"SearchAction\",\"target\":{\"@type\":\"EntryPoint\",\"urlTemplate\":\"https:\/\/www.k-fastigheter.se\/?s={search_term_string}\"},\"query-input\":{\"@type\":\"PropertyValueSpecification\",\"valueRequired\":true,\"valueName\":\"search_term_string\"}}],\"inLanguage\":\"en-US\"},{\"@type\":\"Organization\",\"@id\":\"https:\/\/www.k-fastigheter.se\/#organization\",\"name\":\"K-Fastigheter\",\"url\":\"https:\/\/www.k-fastigheter.se\/\",\"logo\":{\"@type\":\"ImageObject\",\"inLanguage\":\"en-US\",\"@id\":\"https:\/\/www.k-fastigheter.se\/#\/schema\/logo\/image\/\",\"url\":\"https:\/\/www.k-fastigheter.se\/app\/uploads\/2025\/06\/k-fast_logo-guld_rgb-scaled.webp\",\"contentUrl\":\"https:\/\/www.k-fastigheter.se\/app\/uploads\/2025\/06\/k-fast_logo-guld_rgb-scaled.webp\",\"width\":2560,\"height\":1565,\"caption\":\"K-Fastigheter\"},\"image\":{\"@id\":\"https:\/\/www.k-fastigheter.se\/#\/schema\/logo\/image\/\"}}]}<\/script>\n<!-- \/ Yoast SEO plugin. -->","yoast_head_json":{"title":"Under construction - K-Fastigheter","robots":{"index":"index","follow":"follow","max-snippet":"max-snippet:-1","max-image-preview":"max-image-preview:large","max-video-preview":"max-video-preview:-1"},"canonical":"https:\/\/www.k-fastigheter.se\/en\/under-construction\/","og_locale":"en_US","og_type":"article","og_title":"Under construction - K-Fastigheter","og_url":"https:\/\/www.k-fastigheter.se\/en\/under-construction\/","og_site_name":"K-Fastigheter","article_modified_time":"2025-06-10T12:40:27+00:00","og_image":[{"width":2560,"height":1706,"url":"https:\/\/www.k-fastigheter.se\/app\/uploads\/2024\/11\/20220406_ostra_vildrosen_1_standview03_new-scaled-1.jpg","type":"image\/jpeg"}],"twitter_card":"summary_large_image","twitter_misc":{"Est. reading time":"1 minute"},"schema":{"@context":"https:\/\/schema.org","@graph":[{"@type":"WebPage","@id":"https:\/\/www.k-fastigheter.se\/en\/under-construction\/","url":"https:\/\/www.k-fastigheter.se\/en\/under-construction\/","name":"Under construction - K-Fastigheter","isPartOf":{"@id":"https:\/\/www.k-fastigheter.se\/#website"},"primaryImageOfPage":{"@id":"https:\/\/www.k-fastigheter.se\/en\/under-construction\/#primaryimage"},"image":{"@id":"https:\/\/www.k-fastigheter.se\/en\/under-construction\/#primaryimage"},"thumbnailUrl":"https:\/\/www.k-fastigheter.se\/app\/uploads\/2024\/11\/20220406_ostra_vildrosen_1_standview03_new-scaled-1.jpg","datePublished":"2025-04-16T11:56:10+00:00","dateModified":"2025-06-10T12:40:27+00:00","breadcrumb":{"@id":"https:\/\/www.k-fastigheter.se\/en\/under-construction\/#breadcrumb"},"inLanguage":"en-US","potentialAction":[{"@type":"ReadAction","target":["https:\/\/www.k-fastigheter.se\/en\/under-construction\/"]}]},{"@type":"ImageObject","inLanguage":"en-US","@id":"https:\/\/www.k-fastigheter.se\/en\/under-construction\/#primaryimage","url":"https:\/\/www.k-fastigheter.se\/app\/uploads\/2024\/11\/20220406_ostra_vildrosen_1_standview03_new-scaled-1.jpg","contentUrl":"https:\/\/www.k-fastigheter.se\/app\/uploads\/2024\/11\/20220406_ostra_vildrosen_1_standview03_new-scaled-1.jpg","width":2560,"height":1706},{"@type":"BreadcrumbList","@id":"https:\/\/www.k-fastigheter.se\/en\/under-construction\/#breadcrumb","itemListElement":[{"@type":"ListItem","position":1,"name":"Hem","item":"https:\/\/www.k-fastigheter.se\/en\/"},{"@type":"ListItem","position":2,"name":"Under construction"}]},{"@type":"WebSite","@id":"https:\/\/www.k-fastigheter.se\/#website","url":"https:\/\/www.k-fastigheter.se\/","name":"K-Fastigheter","description":"","publisher":{"@id":"https:\/\/www.k-fastigheter.se\/#organization"},"potentialAction":[{"@type":"SearchAction","target":{"@type":"EntryPoint","urlTemplate":"https:\/\/www.k-fastigheter.se\/?s={search_term_string}"},"query-input":{"@type":"PropertyValueSpecification","valueRequired":true,"valueName":"search_term_string"}}],"inLanguage":"en-US"},{"@type":"Organization","@id":"https:\/\/www.k-fastigheter.se\/#organization","name":"K-Fastigheter","url":"https:\/\/www.k-fastigheter.se\/","logo":{"@type":"ImageObject","inLanguage":"en-US","@id":"https:\/\/www.k-fastigheter.se\/#\/schema\/logo\/image\/","url":"https:\/\/www.k-fastigheter.se\/app\/uploads\/2025\/06\/k-fast_logo-guld_rgb-scaled.webp","contentUrl":"https:\/\/www.k-fastigheter.se\/app\/uploads\/2025\/06\/k-fast_logo-guld_rgb-scaled.webp","width":2560,"height":1565,"caption":"K-Fastigheter"},"image":{"@id":"https:\/\/www.k-fastigheter.se\/#\/schema\/logo\/image\/"}}]}},"_links":{"self":[{"href":"https:\/\/www.k-fastigheter.se\/en\/wp-json\/wp\/v2\/pages\/22047","targetHints":{"allow":["GET"]}}],"collection":[{"href":"https:\/\/www.k-fastigheter.se\/en\/wp-json\/wp\/v2\/pages"}],"about":[{"href":"https:\/\/www.k-fastigheter.se\/en\/wp-json\/wp\/v2\/types\/page"}],"author":[{"embeddable":true,"href":"https:\/\/www.k-fastigheter.se\/en\/wp-json\/wp\/v2\/users\/1"}],"replies":[{"embeddable":true,"href":"https:\/\/www.k-fastigheter.se\/en\/wp-json\/wp\/v2\/comments?post=22047"}],"version-history":[{"count":2,"href":"https:\/\/www.k-fastigheter.se\/en\/wp-json\/wp\/v2\/pages\/22047\/revisions"}],"predecessor-version":[{"id":22051,"href":"https:\/\/www.k-fastigheter.se\/en\/wp-json\/wp\/v2\/pages\/22047\/revisions\/22051"}],"wp:featuredmedia":[{"embeddable":true,"href":"https:\/\/www.k-fastigheter.se\/en\/wp-json\/wp\/v2\/media\/20148"}],"wp:attachment":[{"href":"https:\/\/www.k-fastigheter.se\/en\/wp-json\/wp\/v2\/media?parent=22047"}],"curies":[{"name":"wp","href":"https:\/\/api.w.org\/{rel}","templated":true}]}}