{"id":22040,"date":"2025-04-16T13:41:35","date_gmt":"2025-04-16T11:41:35","guid":{"rendered":"https:\/\/www.k-fastigheter.se\/?page_id=22040"},"modified":"2025-06-10T14:51:46","modified_gmt":"2025-06-10T12:51:46","slug":"our-properties","status":"publish","type":"page","link":"https:\/\/www.k-fastigheter.se\/en\/our-properties\/","title":{"rendered":"Our Properties"},"content":{"rendered":"\n<div class=\"wp-block-cover alignfull\" style=\"margin-bottom:var(--wp--preset--spacing--60);min-height:35vw;aspect-ratio:unset;\"><span aria-hidden=\"true\" class=\"wp-block-cover__background has-background-dim-100 has-background-dim has-background-gradient has-kfast-hero-gradient-background\"><\/span><img loading=\"lazy\" decoding=\"async\" width=\"2000\" height=\"1500\" src=\"https:\/\/www.k-fastigheter.se\/app\/uploads\/2024\/11\/k-fastigheter_skymningen-3_unit01_final.jpg\" class=\"wp-block-cover__image-background wp-post-image\" alt=\"\" data-object-fit=\"cover\" srcset=\"https:\/\/www.k-fastigheter.se\/app\/uploads\/2024\/11\/k-fastigheter_skymningen-3_unit01_final.jpg 2000w, https:\/\/www.k-fastigheter.se\/app\/uploads\/2024\/11\/k-fastigheter_skymningen-3_unit01_final-300x225.jpg 300w, https:\/\/www.k-fastigheter.se\/app\/uploads\/2024\/11\/k-fastigheter_skymningen-3_unit01_final-1024x768.jpg 1024w, https:\/\/www.k-fastigheter.se\/app\/uploads\/2024\/11\/k-fastigheter_skymningen-3_unit01_final-768x576.jpg 768w, https:\/\/www.k-fastigheter.se\/app\/uploads\/2024\/11\/k-fastigheter_skymningen-3_unit01_final-1600x1200.jpg 1600w, https:\/\/www.k-fastigheter.se\/app\/uploads\/2024\/11\/k-fastigheter_skymningen-3_unit01_final-1536x1152.jpg 1536w, https:\/\/www.k-fastigheter.se\/app\/uploads\/2024\/11\/k-fastigheter_skymningen-3_unit01_final-640x480.jpg 640w, https:\/\/www.k-fastigheter.se\/app\/uploads\/2024\/11\/k-fastigheter_skymningen-3_unit01_final-576x432.jpg 576w\" sizes=\"auto, (max-width: 2000px) 100vw, 2000px\" \/><div class=\"wp-block-cover__inner-container is-layout-constrained wp-block-cover-is-layout-constrained\">\n<h1 class=\"wp-block-heading has-text-align-left has-accent-2-color has-text-color has-link-color wp-elements-a175cb7f54890cd5e5c40c5e78823e33\">Our Properties<\/h1>\n\n\n\n<p class=\"has-medium-font-size\"><strong><em>Want to learn more about our properties?<br><\/em><\/strong>For us, quality is key in how we build, manage, and develop our properties. This is our approach to long-term and truly sustainable property ownership. As a property owner, we strive to create homes where people feel at ease \u2014 offering attractive residences with high standards, lasting quality, and a strong sense of comfort.<br>A summary of the properties currently under our management can be found further down on this page.<\/p>\n<\/div><\/div>\n\n\n\n        <div class=\"realestate-wrapper alignwide\"><div class=\"realestate-listnings\"><a class=\"realestate-item\" href=\"https:\/\/www.k-fastigheter.se\/en\/property\/alderholmen-434\/\" data-city=\"gavle\">\n    <figure>\n        <img loading=\"lazy\" decoding=\"async\" width=\"640\" height=\"480\" src=\"https:\/\/www.k-fastigheter.se\/app\/uploads\/2024\/07\/alderholmen-torgvy-640x480.webp\" class=\"attachment-full_xxs size-full_xxs wp-post-image\" alt=\"\" srcset=\"https:\/\/www.k-fastigheter.se\/app\/uploads\/2024\/07\/alderholmen-torgvy-640x480.webp 640w, https:\/\/www.k-fastigheter.se\/app\/uploads\/2024\/07\/alderholmen-torgvy-300x225.webp 300w, https:\/\/www.k-fastigheter.se\/app\/uploads\/2024\/07\/alderholmen-torgvy-1024x768.webp 1024w, https:\/\/www.k-fastigheter.se\/app\/uploads\/2024\/07\/alderholmen-torgvy-768x576.webp 768w, https:\/\/www.k-fastigheter.se\/app\/uploads\/2024\/07\/alderholmen-torgvy-576x432.webp 576w, https:\/\/www.k-fastigheter.se\/app\/uploads\/2024\/07\/alderholmen-torgvy.jpg 1102w\" sizes=\"auto, (max-width: 640px) 100vw, 640px\" \/>    <\/figure>\n    <h2>Alderholmen 4:34<\/h2>\n    <p>G\u00e4vle, Alderholmen<\/p><\/a><a class=\"realestate-item\" href=\"https:\/\/www.k-fastigheter.se\/en\/property\/kohagen-1\/\" data-city=\"vanersborg\">\n    <figure>\n        <img loading=\"lazy\" decoding=\"async\" width=\"640\" height=\"383\" src=\"https:\/\/www.k-fastigheter.se\/app\/uploads\/2023\/04\/kohagen-punkthus-fasad-640x383.webp\" class=\"attachment-full_xxs size-full_xxs wp-post-image\" alt=\"\" srcset=\"https:\/\/www.k-fastigheter.se\/app\/uploads\/2023\/04\/kohagen-punkthus-fasad-640x383.webp 640w, https:\/\/www.k-fastigheter.se\/app\/uploads\/2023\/04\/kohagen-punkthus-fasad-300x180.webp 300w, https:\/\/www.k-fastigheter.se\/app\/uploads\/2023\/04\/kohagen-punkthus-fasad-1024x613.webp 1024w, https:\/\/www.k-fastigheter.se\/app\/uploads\/2023\/04\/kohagen-punkthus-fasad-768x460.webp 768w, https:\/\/www.k-fastigheter.se\/app\/uploads\/2023\/04\/kohagen-punkthus-fasad-1600x958.webp 1600w, https:\/\/www.k-fastigheter.se\/app\/uploads\/2023\/04\/kohagen-punkthus-fasad-1536x919.webp 1536w, https:\/\/www.k-fastigheter.se\/app\/uploads\/2023\/04\/kohagen-punkthus-fasad-2048x1226.webp 2048w\" sizes=\"auto, (max-width: 640px) 100vw, 640px\" \/>    <\/figure>\n    <h2>Kohagen 1<\/h2>\n    <p>V\u00e4nersborg<\/p><\/a><a class=\"realestate-item\" href=\"https:\/\/www.k-fastigheter.se\/en\/property\/masen\/\" data-city=\"strangnas\">\n    <figure>\n        <img loading=\"lazy\" decoding=\"async\" width=\"640\" height=\"360\" src=\"https:\/\/www.k-fastigheter.se\/app\/uploads\/2023\/03\/masen-punkthus-gemensam-gard-640x360.webp\" class=\"attachment-full_xxs size-full_xxs wp-post-image\" alt=\"\" srcset=\"https:\/\/www.k-fastigheter.se\/app\/uploads\/2023\/03\/masen-punkthus-gemensam-gard-640x360.webp 640w, https:\/\/www.k-fastigheter.se\/app\/uploads\/2023\/03\/masen-punkthus-gemensam-gard-300x169.webp 300w, https:\/\/www.k-fastigheter.se\/app\/uploads\/2023\/03\/masen-punkthus-gemensam-gard-1024x576.webp 1024w, https:\/\/www.k-fastigheter.se\/app\/uploads\/2023\/03\/masen-punkthus-gemensam-gard-768x432.webp 768w, https:\/\/www.k-fastigheter.se\/app\/uploads\/2023\/03\/masen-punkthus-gemensam-gard-1600x900.webp 1600w, https:\/\/www.k-fastigheter.se\/app\/uploads\/2023\/03\/masen-punkthus-gemensam-gard-1536x864.webp 1536w, https:\/\/www.k-fastigheter.se\/app\/uploads\/2023\/03\/masen-punkthus-gemensam-gard-2048x1152.webp 2048w\" sizes=\"auto, (max-width: 640px) 100vw, 640px\" \/>    <\/figure>\n    <h2>M\u00e5sen<\/h2>\n    <p>Str\u00e4ngn\u00e4s<\/p><\/a><a class=\"realestate-item\" href=\"https:\/\/www.k-fastigheter.se\/en\/property\/oppeby-gard-17\/\" data-city=\"nykoping\">\n    <figure>\n        <img loading=\"lazy\" decoding=\"async\" width=\"600\" height=\"800\" src=\"https:\/\/www.k-fastigheter.se\/app\/uploads\/2023\/09\/img_1267-jpg-webp.webp\" class=\"attachment-full_xxs size-full_xxs wp-post-image\" alt=\"\" \/>    <\/figure>\n    <h2>Oppeby G\u00e5rd 1:7<\/h2>\n    <p>Nyk\u00f6ping, Oppeby<\/p><\/a><a class=\"realestate-item\" href=\"https:\/\/www.k-fastigheter.se\/en\/property\/onnered-4516\/\" data-city=\"goteborg\">\n    <figure>\n        <img loading=\"lazy\" decoding=\"async\" width=\"640\" height=\"360\" src=\"https:\/\/www.k-fastigheter.se\/app\/uploads\/2022\/09\/opaltorget-gatuvy-gavel-640x360.webp\" class=\"attachment-full_xxs size-full_xxs wp-post-image\" alt=\"\" srcset=\"https:\/\/www.k-fastigheter.se\/app\/uploads\/2022\/09\/opaltorget-gatuvy-gavel-640x360.webp 640w, https:\/\/www.k-fastigheter.se\/app\/uploads\/2022\/09\/opaltorget-gatuvy-gavel-300x169.webp 300w, https:\/\/www.k-fastigheter.se\/app\/uploads\/2022\/09\/opaltorget-gatuvy-gavel-1024x576.webp 1024w, https:\/\/www.k-fastigheter.se\/app\/uploads\/2022\/09\/opaltorget-gatuvy-gavel-768x432.webp 768w, https:\/\/www.k-fastigheter.se\/app\/uploads\/2022\/09\/opaltorget-gatuvy-gavel-1600x900.webp 1600w, https:\/\/www.k-fastigheter.se\/app\/uploads\/2022\/09\/opaltorget-gatuvy-gavel-1536x864.webp 1536w, https:\/\/www.k-fastigheter.se\/app\/uploads\/2022\/09\/opaltorget-gatuvy-gavel-2048x1152.webp 2048w\" sizes=\"auto, (max-width: 640px) 100vw, 640px\" \/>    <\/figure>\n    <h2>\u00d6nnered 45:16<\/h2>\n    <p>G\u00f6teborg, Tynnered<\/p><\/a><a class=\"realestate-item\" href=\"https:\/\/www.k-fastigheter.se\/en\/property\/oppeby-gard-19\/\" data-city=\"nykoping\">\n    <figure>\n        <img loading=\"lazy\" decoding=\"async\" width=\"640\" height=\"360\" src=\"https:\/\/www.k-fastigheter.se\/app\/uploads\/2022\/09\/k-oppeby-1-9_fasad-innergard-640x360.webp\" class=\"attachment-full_xxs size-full_xxs wp-post-image\" alt=\"\" srcset=\"https:\/\/www.k-fastigheter.se\/app\/uploads\/2022\/09\/k-oppeby-1-9_fasad-innergard-640x360.webp 640w, https:\/\/www.k-fastigheter.se\/app\/uploads\/2022\/09\/k-oppeby-1-9_fasad-innergard-300x169.webp 300w, https:\/\/www.k-fastigheter.se\/app\/uploads\/2022\/09\/k-oppeby-1-9_fasad-innergard-1024x576.webp 1024w, https:\/\/www.k-fastigheter.se\/app\/uploads\/2022\/09\/k-oppeby-1-9_fasad-innergard-768x432.webp 768w, https:\/\/www.k-fastigheter.se\/app\/uploads\/2022\/09\/k-oppeby-1-9_fasad-innergard-1600x900.webp 1600w, https:\/\/www.k-fastigheter.se\/app\/uploads\/2022\/09\/k-oppeby-1-9_fasad-innergard-1536x864.webp 1536w, https:\/\/www.k-fastigheter.se\/app\/uploads\/2022\/09\/k-oppeby-1-9_fasad-innergard-2048x1152.webp 2048w\" sizes=\"auto, (max-width: 640px) 100vw, 640px\" \/>    <\/figure>\n    <h2>Oppeby G\u00e5rd 1:9<\/h2>\n    <p>Nyk\u00f6ping, Oppeby<\/p><\/a><a class=\"realestate-item\" href=\"https:\/\/www.k-fastigheter.se\/en\/property\/vildrosen-1\/\" data-city=\"vasteras\">\n    <figure>\n        <img loading=\"lazy\" decoding=\"async\" width=\"640\" height=\"405\" src=\"https:\/\/www.k-fastigheter.se\/app\/uploads\/2022\/09\/ostra-vvildrosen-vy-fran-gatan-640x405.webp\" class=\"attachment-full_xxs size-full_xxs wp-post-image\" alt=\"\" srcset=\"https:\/\/www.k-fastigheter.se\/app\/uploads\/2022\/09\/ostra-vvildrosen-vy-fran-gatan-640x405.webp 640w, https:\/\/www.k-fastigheter.se\/app\/uploads\/2022\/09\/ostra-vvildrosen-vy-fran-gatan-300x190.webp 300w, https:\/\/www.k-fastigheter.se\/app\/uploads\/2022\/09\/ostra-vvildrosen-vy-fran-gatan-1024x648.webp 1024w, https:\/\/www.k-fastigheter.se\/app\/uploads\/2022\/09\/ostra-vvildrosen-vy-fran-gatan-768x486.webp 768w, https:\/\/www.k-fastigheter.se\/app\/uploads\/2022\/09\/ostra-vvildrosen-vy-fran-gatan-1600x1012.webp 1600w, https:\/\/www.k-fastigheter.se\/app\/uploads\/2022\/09\/ostra-vvildrosen-vy-fran-gatan-1536x972.webp 1536w, https:\/\/www.k-fastigheter.se\/app\/uploads\/2022\/09\/ostra-vvildrosen-vy-fran-gatan-2048x1296.webp 2048w\" sizes=\"auto, (max-width: 640px) 100vw, 640px\" \/>    <\/figure>\n    <h2>Vildrosen 1<\/h2>\n    <p>V\u00e4ster\u00e5s, \u00d6nsta Gryta<\/p><\/a><a class=\"realestate-item\" href=\"https:\/\/www.k-fastigheter.se\/en\/property\/fullero-21103\/\" data-city=\"uppsala\">\n    <figure>\n        <img loading=\"lazy\" decoding=\"async\" width=\"640\" height=\"427\" src=\"https:\/\/www.k-fastigheter.se\/app\/uploads\/2023\/09\/jupiter_20220616_utvandigt_41-scaled-1-jpg-webp.webp\" class=\"attachment-full_xxs size-full_xxs wp-post-image\" alt=\"\" \/>    <\/figure>\n    <h2>Fuller\u00f6 21:103<\/h2>\n    <p>Uppsala, Storvreta<\/p><\/a><a class=\"realestate-item\" href=\"https:\/\/www.k-fastigheter.se\/en\/property\/getangen-22-kommersiell\/\" data-city=\"boras\">\n    <figure>\n        <img loading=\"lazy\" decoding=\"async\" width=\"640\" height=\"427\" src=\"https:\/\/www.k-fastigheter.se\/app\/uploads\/2023\/09\/dji_0073-hdr-scaled-1-jpg-webp.webp\" class=\"attachment-full_xxs size-full_xxs wp-post-image\" alt=\"\" \/>    <\/figure>\n    <h2>Get\u00e4ngen 22\/Kommersiell<\/h2>\n    <p>Bor\u00e5s, Kv. Get\u00e4ngen<\/p><\/a><a class=\"realestate-item\" href=\"https:\/\/www.k-fastigheter.se\/en\/property\/gavle-satra-10831\/\" data-city=\"gavle\">\n    <figure>\n        <img loading=\"lazy\" decoding=\"async\" width=\"640\" height=\"426\" src=\"https:\/\/www.k-fastigheter.se\/app\/uploads\/2023\/09\/gavle-satra-innergard-2-jpg-webp.webp\" class=\"attachment-full_xxs size-full_xxs wp-post-image\" alt=\"\" \/>    <\/figure>\n    <h2>G\u00e4vle S\u00e4tra 108:31<\/h2>\n    <p>G\u00e4vle, G\u00e4vle S\u00e4tra 108:31<\/p><\/a><a class=\"realestate-item\" href=\"https:\/\/www.k-fastigheter.se\/en\/property\/fredriksskans-279\/\" data-city=\"gavle\">\n    <figure>\n        <img loading=\"lazy\" decoding=\"async\" width=\"640\" height=\"853\" src=\"https:\/\/www.k-fastigheter.se\/app\/uploads\/2023\/09\/stromsbrotradgardar_utvandigt-19-jpg-webp.webp\" class=\"attachment-full_xxs size-full_xxs wp-post-image\" alt=\"\" \/>    <\/figure>\n    <h2>Fredriksskans 2:79<\/h2>\n    <p>G\u00e4vle, Str\u00f6msbro<\/p><\/a><a class=\"realestate-item\" href=\"https:\/\/www.k-fastigheter.se\/en\/property\/savenas-13112-och-13113\/\" data-city=\"goteborg\">\n    <figure>\n        <img loading=\"lazy\" decoding=\"async\" width=\"640\" height=\"360\" src=\"https:\/\/www.k-fastigheter.se\/app\/uploads\/2019\/09\/savenas-rondell-640x360.webp\" class=\"attachment-full_xxs size-full_xxs wp-post-image\" alt=\"\" srcset=\"https:\/\/www.k-fastigheter.se\/app\/uploads\/2019\/09\/savenas-rondell-640x360.webp 640w, https:\/\/www.k-fastigheter.se\/app\/uploads\/2019\/09\/savenas-rondell-300x169.webp 300w, https:\/\/www.k-fastigheter.se\/app\/uploads\/2019\/09\/savenas-rondell-1024x576.webp 1024w, https:\/\/www.k-fastigheter.se\/app\/uploads\/2019\/09\/savenas-rondell-768x432.webp 768w, https:\/\/www.k-fastigheter.se\/app\/uploads\/2019\/09\/savenas-rondell-1600x900.webp 1600w, https:\/\/www.k-fastigheter.se\/app\/uploads\/2019\/09\/savenas-rondell-1536x864.webp 1536w, https:\/\/www.k-fastigheter.se\/app\/uploads\/2019\/09\/savenas-rondell-2048x1152.webp 2048w\" sizes=\"auto, (max-width: 640px) 100vw, 640px\" \/>    <\/figure>\n    <h2>S\u00e4ven\u00e4s 131:12 och 131:13<\/h2>\n    <p>G\u00f6teborg, Kv. S\u00e4ven\u00e4s<\/p><\/a><a class=\"realestate-item\" href=\"https:\/\/www.k-fastigheter.se\/en\/property\/surte\/\" data-city=\"ale\">\n    <figure>\n        <img loading=\"lazy\" decoding=\"async\" width=\"640\" height=\"480\" src=\"https:\/\/www.k-fastigheter.se\/app\/uploads\/2024\/07\/gbg_surte1-jpg.webp\" class=\"attachment-full_xxs size-full_xxs wp-post-image\" alt=\"\" \/>    <\/figure>\n    <h2>Surte<\/h2>\n    <p>Ale, Surte<\/p><\/a><\/div><div class=\"realestate-filter\"><button class=\"active\" data-filter=\"city\" data-value=\"*\">All localities<\/button><button data-filter=\"city\" data-value=\"ale\">Ale<\/button><button data-filter=\"city\" data-value=\"boras\">Bor\u00e5s<\/button><button data-filter=\"city\" data-value=\"gavle\">G\u00e4vle<\/button><button data-filter=\"city\" data-value=\"goteborg\">G\u00f6teborg<\/button><button data-filter=\"city\" data-value=\"nykoping\">Nyk\u00f6ping<\/button><button data-filter=\"city\" data-value=\"strangnas\">Str\u00e4ngn\u00e4s<\/button><button data-filter=\"city\" data-value=\"uppsala\">Uppsala<\/button><button data-filter=\"city\" data-value=\"vanersborg\">V\u00e4nersborg<\/button><button data-filter=\"city\" data-value=\"vasteras\">V\u00e4ster\u00e5s<\/button><\/div><\/div>\n\n\n<p><\/p>\n","protected":false},"excerpt":{"rendered":"","protected":false},"author":1,"featured_media":20140,"parent":0,"menu_order":22,"comment_status":"closed","ping_status":"closed","template":"","meta":{"_acf_changed":false,"_eb_attr":"","inline_featured_image":false,"footnotes":""},"class_list":["post-22040","page","type-page","status-publish","has-post-thumbnail","hentry"],"acf":[],"yoast_head":"<!-- This site is optimized with the Yoast SEO plugin v26.3 - https:\/\/yoast.com\/wordpress\/plugins\/seo\/ -->\n<title>Our Properties - K-Fastigheter<\/title>\n<meta name=\"robots\" content=\"index, follow, max-snippet:-1, max-image-preview:large, max-video-preview:-1\" \/>\n<link rel=\"canonical\" href=\"https:\/\/www.k-fastigheter.se\/en\/our-properties\/\" \/>\n<meta property=\"og:locale\" content=\"en_US\" \/>\n<meta property=\"og:type\" content=\"article\" \/>\n<meta property=\"og:title\" content=\"Our Properties - K-Fastigheter\" \/>\n<meta property=\"og:url\" content=\"https:\/\/www.k-fastigheter.se\/en\/our-properties\/\" \/>\n<meta property=\"og:site_name\" content=\"K-Fastigheter\" \/>\n<meta property=\"article:modified_time\" content=\"2025-06-10T12:51:46+00:00\" \/>\n<meta property=\"og:image\" content=\"https:\/\/www.k-fastigheter.se\/app\/uploads\/2024\/11\/k-fastigheter_skymningen-3_unit01_final.jpg\" \/>\n\t<meta property=\"og:image:width\" content=\"2000\" \/>\n\t<meta property=\"og:image:height\" content=\"1500\" \/>\n\t<meta property=\"og:image:type\" content=\"image\/jpeg\" \/>\n<meta name=\"twitter:card\" content=\"summary_large_image\" \/>\n<meta name=\"twitter:label1\" content=\"Est. reading time\" \/>\n\t<meta name=\"twitter:data1\" content=\"1 minute\" \/>\n<script type=\"application\/ld+json\" class=\"yoast-schema-graph\">{\"@context\":\"https:\/\/schema.org\",\"@graph\":[{\"@type\":\"WebPage\",\"@id\":\"https:\/\/www.k-fastigheter.se\/en\/our-properties\/\",\"url\":\"https:\/\/www.k-fastigheter.se\/en\/our-properties\/\",\"name\":\"Our Properties - K-Fastigheter\",\"isPartOf\":{\"@id\":\"https:\/\/www.k-fastigheter.se\/#website\"},\"primaryImageOfPage\":{\"@id\":\"https:\/\/www.k-fastigheter.se\/en\/our-properties\/#primaryimage\"},\"image\":{\"@id\":\"https:\/\/www.k-fastigheter.se\/en\/our-properties\/#primaryimage\"},\"thumbnailUrl\":\"https:\/\/www.k-fastigheter.se\/app\/uploads\/2024\/11\/k-fastigheter_skymningen-3_unit01_final.jpg\",\"datePublished\":\"2025-04-16T11:41:35+00:00\",\"dateModified\":\"2025-06-10T12:51:46+00:00\",\"breadcrumb\":{\"@id\":\"https:\/\/www.k-fastigheter.se\/en\/our-properties\/#breadcrumb\"},\"inLanguage\":\"en-US\",\"potentialAction\":[{\"@type\":\"ReadAction\",\"target\":[\"https:\/\/www.k-fastigheter.se\/en\/our-properties\/\"]}]},{\"@type\":\"ImageObject\",\"inLanguage\":\"en-US\",\"@id\":\"https:\/\/www.k-fastigheter.se\/en\/our-properties\/#primaryimage\",\"url\":\"https:\/\/www.k-fastigheter.se\/app\/uploads\/2024\/11\/k-fastigheter_skymningen-3_unit01_final.jpg\",\"contentUrl\":\"https:\/\/www.k-fastigheter.se\/app\/uploads\/2024\/11\/k-fastigheter_skymningen-3_unit01_final.jpg\",\"width\":2000,\"height\":1500},{\"@type\":\"BreadcrumbList\",\"@id\":\"https:\/\/www.k-fastigheter.se\/en\/our-properties\/#breadcrumb\",\"itemListElement\":[{\"@type\":\"ListItem\",\"position\":1,\"name\":\"Hem\",\"item\":\"https:\/\/www.k-fastigheter.se\/en\/\"},{\"@type\":\"ListItem\",\"position\":2,\"name\":\"Our Properties\"}]},{\"@type\":\"WebSite\",\"@id\":\"https:\/\/www.k-fastigheter.se\/#website\",\"url\":\"https:\/\/www.k-fastigheter.se\/\",\"name\":\"K-Fastigheter\",\"description\":\"\",\"publisher\":{\"@id\":\"https:\/\/www.k-fastigheter.se\/#organization\"},\"potentialAction\":[{\"@type\":\"SearchAction\",\"target\":{\"@type\":\"EntryPoint\",\"urlTemplate\":\"https:\/\/www.k-fastigheter.se\/?s={search_term_string}\"},\"query-input\":{\"@type\":\"PropertyValueSpecification\",\"valueRequired\":true,\"valueName\":\"search_term_string\"}}],\"inLanguage\":\"en-US\"},{\"@type\":\"Organization\",\"@id\":\"https:\/\/www.k-fastigheter.se\/#organization\",\"name\":\"K-Fastigheter\",\"url\":\"https:\/\/www.k-fastigheter.se\/\",\"logo\":{\"@type\":\"ImageObject\",\"inLanguage\":\"en-US\",\"@id\":\"https:\/\/www.k-fastigheter.se\/#\/schema\/logo\/image\/\",\"url\":\"https:\/\/www.k-fastigheter.se\/app\/uploads\/2025\/06\/k-fast_logo-guld_rgb-scaled.webp\",\"contentUrl\":\"https:\/\/www.k-fastigheter.se\/app\/uploads\/2025\/06\/k-fast_logo-guld_rgb-scaled.webp\",\"width\":2560,\"height\":1565,\"caption\":\"K-Fastigheter\"},\"image\":{\"@id\":\"https:\/\/www.k-fastigheter.se\/#\/schema\/logo\/image\/\"}}]}<\/script>\n<!-- \/ Yoast SEO plugin. -->","yoast_head_json":{"title":"Our Properties - K-Fastigheter","robots":{"index":"index","follow":"follow","max-snippet":"max-snippet:-1","max-image-preview":"max-image-preview:large","max-video-preview":"max-video-preview:-1"},"canonical":"https:\/\/www.k-fastigheter.se\/en\/our-properties\/","og_locale":"en_US","og_type":"article","og_title":"Our Properties - K-Fastigheter","og_url":"https:\/\/www.k-fastigheter.se\/en\/our-properties\/","og_site_name":"K-Fastigheter","article_modified_time":"2025-06-10T12:51:46+00:00","og_image":[{"width":2000,"height":1500,"url":"https:\/\/www.k-fastigheter.se\/app\/uploads\/2024\/11\/k-fastigheter_skymningen-3_unit01_final.jpg","type":"image\/jpeg"}],"twitter_card":"summary_large_image","twitter_misc":{"Est. reading time":"1 minute"},"schema":{"@context":"https:\/\/schema.org","@graph":[{"@type":"WebPage","@id":"https:\/\/www.k-fastigheter.se\/en\/our-properties\/","url":"https:\/\/www.k-fastigheter.se\/en\/our-properties\/","name":"Our Properties - K-Fastigheter","isPartOf":{"@id":"https:\/\/www.k-fastigheter.se\/#website"},"primaryImageOfPage":{"@id":"https:\/\/www.k-fastigheter.se\/en\/our-properties\/#primaryimage"},"image":{"@id":"https:\/\/www.k-fastigheter.se\/en\/our-properties\/#primaryimage"},"thumbnailUrl":"https:\/\/www.k-fastigheter.se\/app\/uploads\/2024\/11\/k-fastigheter_skymningen-3_unit01_final.jpg","datePublished":"2025-04-16T11:41:35+00:00","dateModified":"2025-06-10T12:51:46+00:00","breadcrumb":{"@id":"https:\/\/www.k-fastigheter.se\/en\/our-properties\/#breadcrumb"},"inLanguage":"en-US","potentialAction":[{"@type":"ReadAction","target":["https:\/\/www.k-fastigheter.se\/en\/our-properties\/"]}]},{"@type":"ImageObject","inLanguage":"en-US","@id":"https:\/\/www.k-fastigheter.se\/en\/our-properties\/#primaryimage","url":"https:\/\/www.k-fastigheter.se\/app\/uploads\/2024\/11\/k-fastigheter_skymningen-3_unit01_final.jpg","contentUrl":"https:\/\/www.k-fastigheter.se\/app\/uploads\/2024\/11\/k-fastigheter_skymningen-3_unit01_final.jpg","width":2000,"height":1500},{"@type":"BreadcrumbList","@id":"https:\/\/www.k-fastigheter.se\/en\/our-properties\/#breadcrumb","itemListElement":[{"@type":"ListItem","position":1,"name":"Hem","item":"https:\/\/www.k-fastigheter.se\/en\/"},{"@type":"ListItem","position":2,"name":"Our Properties"}]},{"@type":"WebSite","@id":"https:\/\/www.k-fastigheter.se\/#website","url":"https:\/\/www.k-fastigheter.se\/","name":"K-Fastigheter","description":"","publisher":{"@id":"https:\/\/www.k-fastigheter.se\/#organization"},"potentialAction":[{"@type":"SearchAction","target":{"@type":"EntryPoint","urlTemplate":"https:\/\/www.k-fastigheter.se\/?s={search_term_string}"},"query-input":{"@type":"PropertyValueSpecification","valueRequired":true,"valueName":"search_term_string"}}],"inLanguage":"en-US"},{"@type":"Organization","@id":"https:\/\/www.k-fastigheter.se\/#organization","name":"K-Fastigheter","url":"https:\/\/www.k-fastigheter.se\/","logo":{"@type":"ImageObject","inLanguage":"en-US","@id":"https:\/\/www.k-fastigheter.se\/#\/schema\/logo\/image\/","url":"https:\/\/www.k-fastigheter.se\/app\/uploads\/2025\/06\/k-fast_logo-guld_rgb-scaled.webp","contentUrl":"https:\/\/www.k-fastigheter.se\/app\/uploads\/2025\/06\/k-fast_logo-guld_rgb-scaled.webp","width":2560,"height":1565,"caption":"K-Fastigheter"},"image":{"@id":"https:\/\/www.k-fastigheter.se\/#\/schema\/logo\/image\/"}}]}},"_links":{"self":[{"href":"https:\/\/www.k-fastigheter.se\/en\/wp-json\/wp\/v2\/pages\/22040","targetHints":{"allow":["GET"]}}],"collection":[{"href":"https:\/\/www.k-fastigheter.se\/en\/wp-json\/wp\/v2\/pages"}],"about":[{"href":"https:\/\/www.k-fastigheter.se\/en\/wp-json\/wp\/v2\/types\/page"}],"author":[{"embeddable":true,"href":"https:\/\/www.k-fastigheter.se\/en\/wp-json\/wp\/v2\/users\/1"}],"replies":[{"embeddable":true,"href":"https:\/\/www.k-fastigheter.se\/en\/wp-json\/wp\/v2\/comments?post=22040"}],"version-history":[{"count":2,"href":"https:\/\/www.k-fastigheter.se\/en\/wp-json\/wp\/v2\/pages\/22040\/revisions"}],"predecessor-version":[{"id":22069,"href":"https:\/\/www.k-fastigheter.se\/en\/wp-json\/wp\/v2\/pages\/22040\/revisions\/22069"}],"wp:featuredmedia":[{"embeddable":true,"href":"https:\/\/www.k-fastigheter.se\/en\/wp-json\/wp\/v2\/media\/20140"}],"wp:attachment":[{"href":"https:\/\/www.k-fastigheter.se\/en\/wp-json\/wp\/v2\/media?parent=22040"}],"curies":[{"name":"wp","href":"https:\/\/api.w.org\/{rel}","templated":true}]}}