{"id":20355,"date":"2025-02-07T11:51:19","date_gmt":"2025-02-07T10:51:19","guid":{"rendered":"https:\/\/www.k-fastigheter.se\/?page_id=20355"},"modified":"2025-06-03T15:32:21","modified_gmt":"2025-06-03T13:32:21","slug":"home-insurance-croisette","status":"publish","type":"page","link":"https:\/\/www.k-fastigheter.se\/en\/home-insurance-croisette\/","title":{"rendered":"Home insurance Croisette"},"content":{"rendered":"\n<div class=\"wp-block-cover alignfull\"><span aria-hidden=\"true\" class=\"wp-block-cover__background has-background-dim-0 has-background-dim\" style=\"background-color:#71706f\"><\/span><img loading=\"lazy\" decoding=\"async\" width=\"1146\" height=\"549\" class=\"wp-block-cover__image-background wp-image-9818\" alt=\"\" src=\"https:\/\/www.k-fastigheter.se\/app\/uploads\/2023\/09\/croisette-jpg-webp.webp\" data-object-fit=\"cover\" srcset=\"https:\/\/www.k-fastigheter.se\/app\/uploads\/2023\/09\/croisette-jpg-webp.webp 1146w, https:\/\/www.k-fastigheter.se\/app\/uploads\/2023\/09\/croisette-jpg-webp-300x144.webp 300w, https:\/\/www.k-fastigheter.se\/app\/uploads\/2023\/09\/croisette-jpg-webp-1024x491.webp 1024w, https:\/\/www.k-fastigheter.se\/app\/uploads\/2023\/09\/croisette-jpg-webp-768x368.webp 768w, https:\/\/www.k-fastigheter.se\/app\/uploads\/2023\/09\/croisette-jpg-webp-640x307.webp 640w\" sizes=\"auto, (max-width: 1146px) 100vw, 1146px\" \/><div class=\"wp-block-cover__inner-container is-layout-constrained wp-block-cover-is-layout-constrained\">\n<p class=\"has-text-align-center has-large-font-size\"><\/p>\n<\/div><\/div>\n\n\n\n<div class=\"wp-block-columns is-layout-flex wp-container-core-columns-is-layout-28f84493 wp-block-columns-is-layout-flex\">\n<div class=\"wp-block-column is-layout-flow wp-block-column-is-layout-flow\" style=\"flex-basis:66.66%\">\n<h1 class=\"wp-block-heading h2\">safety for you<\/h1>\n\n\n\n<p>We are pleased to announce that K-Fastigheter can now offer you housing insurance through our partner Croisette.<\/p>\n\n\n\n<p>The housing insurance is available to you as an existing tenant in our properties. You can read more about the terms and conditions and submit an application via Croisette.<\/p>\n\n\n\n<p>As a tenant, you apply for your housing insurance by filling out a digital form handled by Eir F\u00f6rs\u00e4kring AB and facilitated by our partner Croisette.<br>Terms and contact details for Croisette and Eir F\u00f6rs\u00e4kring are available at <a href=\"http:\/\/www.croisette.se\/k-fastigheter\" target=\"_blank\" rel=\"noreferrer noopener\">www.croisette.se\/k-fastigheter<\/a>.<\/p>\n\n\n\n<p>K-Fastigheter neither mediates nor manages your application, its registration, your personal data, or the insurance itself. The offer is designed to provide you, as a tenant, with added value in the form of increased security during your stay with us. <a href=\"https:\/\/wordpress.k-fastigheter.se\/wp-content\/uploads\/2021\/12\/Faktablad-om-hemfo%CC%88rsa%CC%88kring-211217.pdf\" target=\"_blank\" rel=\"noreferrer noopener\">You can download a PDF of the offer here<\/a>.<\/p>\n\n\n\n<p>If you have any questions or concerns about the above, please don\u2019t hesitate to contact Croisette and Eir F\u00f6rs\u00e4kring to learn more about the insurance. You are also welcome to reach out to us at K-Fastigheter for any questions regarding our offers.<\/p>\n<\/div>\n\n\n\n<div class=\"wp-block-column is-layout-flow wp-block-column-is-layout-flow\" style=\"flex-basis:33.33%\">\n<figure class=\"wp-block-image size-full\"><img loading=\"lazy\" decoding=\"async\" width=\"848\" height=\"219\" src=\"https:\/\/www.k-fastigheter.se\/app\/uploads\/2023\/09\/croisette_logo_pink.png\" alt=\"\" class=\"wp-image-9810\" srcset=\"https:\/\/www.k-fastigheter.se\/app\/uploads\/2023\/09\/croisette_logo_pink.png 848w, https:\/\/www.k-fastigheter.se\/app\/uploads\/2023\/09\/croisette_logo_pink-300x77.png 300w, https:\/\/www.k-fastigheter.se\/app\/uploads\/2023\/09\/croisette_logo_pink-768x198.png 768w, https:\/\/www.k-fastigheter.se\/app\/uploads\/2023\/09\/croisette_logo_pink-640x165.png 640w\" sizes=\"auto, (max-width: 848px) 100vw, 848px\" \/><\/figure>\n\n\n\n<div style=\"height:32px\" aria-hidden=\"true\" class=\"wp-block-spacer\"><\/div>\n\n\n\n<div class=\"wp-block-buttons is-content-justification-center is-layout-flex wp-container-core-buttons-is-layout-a89b3969 wp-block-buttons-is-layout-flex\">\n<div class=\"wp-block-button is-style-outline is-style-outline--1\"><a class=\"wp-block-button__link wp-element-button\" href=\"https:\/\/www.croisette.se\/k-fastigheter\">read more about Croisette<\/a><\/div>\n<\/div>\n<\/div>\n<\/div>\n\n\n\r\n\r\n<hr class=\"wp-block-separator has-alpha-channel-opacity\" \/>\r\n\r\n\r\n\r\n\r\n<h2 class=\"wp-block-heading has-text-align-center\">our offers<\/h2>\r\n\r\n\r\n<div class=\"root-eb-post-grid-64ia5yz wp-block-essential-blocks-post-grid\">\n    <div class=\"eb-parent-wrapper eb-parent-eb-post-grid-64ia5yz \">\n        <div class=\"eb-post-grid-64ia5yz style-1 eb-post-grid-wrapper\"\n            data-id=\"eb-post-grid-64ia5yz\"\n            data-querydata=\"{&quot;source&quot;:&quot;page&quot;,&quot;sourceIndex&quot;:1,&quot;rest_base&quot;:&quot;pages&quot;,&quot;rest_namespace&quot;:&quot;wp\\\/v2&quot;,&quot;author&quot;:&quot;&quot;,&quot;taxonomies&quot;:[],&quot;per_page&quot;:&quot;6&quot;,&quot;offset&quot;:&quot;0&quot;,&quot;orderby&quot;:&quot;date&quot;,&quot;order&quot;:&quot;desc&quot;,&quot;include&quot;:&quot;[{\\&quot;value\\&quot;:9809,\\&quot;label\\&quot;:\\&quot;Boendef\\u00f6rs\\u00e4kring via Croisette\\&quot;}]&quot;,&quot;exclude&quot;:&quot;&quot;,&quot;exclude_current&quot;:false}\"\n            data-attributes=\"{&quot;thumbnailSize&quot;:&quot;&quot;,&quot;loadMoreOptions&quot;:{&quot;enableMorePosts&quot;:false,&quot;loadMoreType&quot;:&quot;1&quot;,&quot;loadMoreButtonTxt&quot;:&quot;Load More&quot;,&quot;alignment&quot;:&quot;center&quot;,&quot;prevTxt&quot;:&quot;&lt;&quot;,&quot;nextTxt&quot;:&quot;&gt;&quot;,&quot;totalPosts&quot;:0},&quot;showSearch&quot;:false,&quot;showTaxonomyFilter&quot;:false,&quot;enableAjaxSearch&quot;:false,&quot;addIcon&quot;:false,&quot;iconPosition&quot;:&quot;left&quot;,&quot;icon&quot;:&quot;fas fa-chevron-right&quot;,&quot;preset&quot;:&quot;style-1&quot;,&quot;defaultFilter&quot;:&quot;all&quot;,&quot;version&quot;:&quot;&quot;,&quot;showBlockContent&quot;:true,&quot;showFallbackImg&quot;:false,&quot;fallbackImgUrl&quot;:&quot;&quot;,&quot;showThumbnail&quot;:true,&quot;showTitle&quot;:true,&quot;titleLength&quot;:&quot;&quot;,&quot;titleTag&quot;:&quot;h2&quot;,&quot;showContent&quot;:true,&quot;contentLength&quot;:20,&quot;expansionIndicator&quot;:&quot;...&quot;,&quot;showReadMore&quot;:false,&quot;readmoreText&quot;:&quot;Read More&quot;,&quot;showMeta&quot;:false,&quot;headerMeta&quot;:&quot;[]&quot;,&quot;footerMeta&quot;:&quot;[]&quot;,&quot;authorPrefix&quot;:&quot;&quot;,&quot;datePrefix&quot;:&quot;&quot;}\">\n\n            \n\n            <p>\n    No Posts Found<\/p>\n        <\/div>\n    <\/div>\n<\/div>\n","protected":false},"excerpt":{"rendered":"<p>safety for you We are pleased to announce that K-Fastigheter can now offer you housing insurance through our partner Croisette. The housing insurance is available to you as an existing tenant in our properties. You can read more about the terms and conditions and submit an application via Croisette. As a tenant, you apply for [&hellip;]<\/p>\n","protected":false},"author":1,"featured_media":0,"parent":0,"menu_order":5,"comment_status":"closed","ping_status":"closed","template":"","meta":{"_acf_changed":false,"_eb_attr":"","inline_featured_image":false,"footnotes":""},"class_list":["post-20355","page","type-page","status-publish","hentry"],"acf":[],"yoast_head":"<!-- This site is optimized with the Yoast SEO plugin v26.3 - https:\/\/yoast.com\/wordpress\/plugins\/seo\/ -->\n<title>Home insurance Croisette - K-Fastigheter<\/title>\n<meta name=\"robots\" content=\"index, follow, max-snippet:-1, max-image-preview:large, max-video-preview:-1\" \/>\n<link rel=\"canonical\" href=\"https:\/\/www.k-fastigheter.se\/en\/home-insurance-croisette\/\" \/>\n<meta property=\"og:locale\" content=\"en_US\" \/>\n<meta property=\"og:type\" content=\"article\" \/>\n<meta property=\"og:title\" content=\"Home insurance Croisette - K-Fastigheter\" \/>\n<meta property=\"og:description\" content=\"safety for you We are pleased to announce that K-Fastigheter can now offer you housing insurance through our partner Croisette. The housing insurance is available to you as an existing tenant in our properties. You can read more about the terms and conditions and submit an application via Croisette. As a tenant, you apply for [&hellip;]\" \/>\n<meta property=\"og:url\" content=\"https:\/\/www.k-fastigheter.se\/en\/home-insurance-croisette\/\" \/>\n<meta property=\"og:site_name\" content=\"K-Fastigheter\" \/>\n<meta property=\"article:modified_time\" content=\"2025-06-03T13:32:21+00:00\" \/>\n<meta property=\"og:image\" content=\"https:\/\/www.k-fastigheter.se\/app\/uploads\/2023\/09\/croisette-jpg-webp.webp\" \/>\n\t<meta property=\"og:image:width\" content=\"1146\" \/>\n\t<meta property=\"og:image:height\" content=\"549\" \/>\n\t<meta property=\"og:image:type\" content=\"image\/jpeg\" \/>\n<meta name=\"twitter:card\" content=\"summary_large_image\" \/>\n<meta name=\"twitter:label1\" content=\"Est. reading time\" \/>\n\t<meta name=\"twitter:data1\" content=\"2 minutes\" \/>\n<script type=\"application\/ld+json\" class=\"yoast-schema-graph\">{\"@context\":\"https:\/\/schema.org\",\"@graph\":[{\"@type\":\"WebPage\",\"@id\":\"https:\/\/www.k-fastigheter.se\/en\/home-insurance-croisette\/\",\"url\":\"https:\/\/www.k-fastigheter.se\/en\/home-insurance-croisette\/\",\"name\":\"Home insurance Croisette - K-Fastigheter\",\"isPartOf\":{\"@id\":\"https:\/\/www.k-fastigheter.se\/#website\"},\"primaryImageOfPage\":{\"@id\":\"https:\/\/www.k-fastigheter.se\/en\/home-insurance-croisette\/#primaryimage\"},\"image\":{\"@id\":\"https:\/\/www.k-fastigheter.se\/en\/home-insurance-croisette\/#primaryimage\"},\"thumbnailUrl\":\"https:\/\/www.k-fastigheter.se\/app\/uploads\/2023\/09\/croisette-jpg-webp.webp\",\"datePublished\":\"2025-02-07T10:51:19+00:00\",\"dateModified\":\"2025-06-03T13:32:21+00:00\",\"breadcrumb\":{\"@id\":\"https:\/\/www.k-fastigheter.se\/en\/home-insurance-croisette\/#breadcrumb\"},\"inLanguage\":\"en-US\",\"potentialAction\":[{\"@type\":\"ReadAction\",\"target\":[\"https:\/\/www.k-fastigheter.se\/en\/home-insurance-croisette\/\"]}]},{\"@type\":\"ImageObject\",\"inLanguage\":\"en-US\",\"@id\":\"https:\/\/www.k-fastigheter.se\/en\/home-insurance-croisette\/#primaryimage\",\"url\":\"https:\/\/www.k-fastigheter.se\/app\/uploads\/2023\/09\/croisette-jpg-webp.webp\",\"contentUrl\":\"https:\/\/www.k-fastigheter.se\/app\/uploads\/2023\/09\/croisette-jpg-webp.webp\"},{\"@type\":\"BreadcrumbList\",\"@id\":\"https:\/\/www.k-fastigheter.se\/en\/home-insurance-croisette\/#breadcrumb\",\"itemListElement\":[{\"@type\":\"ListItem\",\"position\":1,\"name\":\"Hem\",\"item\":\"https:\/\/www.k-fastigheter.se\/en\/\"},{\"@type\":\"ListItem\",\"position\":2,\"name\":\"Home insurance Croisette\"}]},{\"@type\":\"WebSite\",\"@id\":\"https:\/\/www.k-fastigheter.se\/#website\",\"url\":\"https:\/\/www.k-fastigheter.se\/\",\"name\":\"K-Fastigheter\",\"description\":\"\",\"publisher\":{\"@id\":\"https:\/\/www.k-fastigheter.se\/#organization\"},\"potentialAction\":[{\"@type\":\"SearchAction\",\"target\":{\"@type\":\"EntryPoint\",\"urlTemplate\":\"https:\/\/www.k-fastigheter.se\/?s={search_term_string}\"},\"query-input\":{\"@type\":\"PropertyValueSpecification\",\"valueRequired\":true,\"valueName\":\"search_term_string\"}}],\"inLanguage\":\"en-US\"},{\"@type\":\"Organization\",\"@id\":\"https:\/\/www.k-fastigheter.se\/#organization\",\"name\":\"K-Fastigheter\",\"url\":\"https:\/\/www.k-fastigheter.se\/\",\"logo\":{\"@type\":\"ImageObject\",\"inLanguage\":\"en-US\",\"@id\":\"https:\/\/www.k-fastigheter.se\/#\/schema\/logo\/image\/\",\"url\":\"https:\/\/www.k-fastigheter.se\/app\/uploads\/2025\/06\/k-fast_logo-guld_rgb-scaled.webp\",\"contentUrl\":\"https:\/\/www.k-fastigheter.se\/app\/uploads\/2025\/06\/k-fast_logo-guld_rgb-scaled.webp\",\"width\":2560,\"height\":1565,\"caption\":\"K-Fastigheter\"},\"image\":{\"@id\":\"https:\/\/www.k-fastigheter.se\/#\/schema\/logo\/image\/\"}}]}<\/script>\n<!-- \/ Yoast SEO plugin. -->","yoast_head_json":{"title":"Home insurance Croisette - K-Fastigheter","robots":{"index":"index","follow":"follow","max-snippet":"max-snippet:-1","max-image-preview":"max-image-preview:large","max-video-preview":"max-video-preview:-1"},"canonical":"https:\/\/www.k-fastigheter.se\/en\/home-insurance-croisette\/","og_locale":"en_US","og_type":"article","og_title":"Home insurance Croisette - K-Fastigheter","og_description":"safety for you We are pleased to announce that K-Fastigheter can now offer you housing insurance through our partner Croisette. The housing insurance is available to you as an existing tenant in our properties. You can read more about the terms and conditions and submit an application via Croisette. As a tenant, you apply for [&hellip;]","og_url":"https:\/\/www.k-fastigheter.se\/en\/home-insurance-croisette\/","og_site_name":"K-Fastigheter","article_modified_time":"2025-06-03T13:32:21+00:00","og_image":[{"width":1146,"height":549,"url":"https:\/\/www.k-fastigheter.se\/app\/uploads\/2023\/09\/croisette-jpg-webp.webp","type":"image\/jpeg"}],"twitter_card":"summary_large_image","twitter_misc":{"Est. reading time":"2 minutes"},"schema":{"@context":"https:\/\/schema.org","@graph":[{"@type":"WebPage","@id":"https:\/\/www.k-fastigheter.se\/en\/home-insurance-croisette\/","url":"https:\/\/www.k-fastigheter.se\/en\/home-insurance-croisette\/","name":"Home insurance Croisette - K-Fastigheter","isPartOf":{"@id":"https:\/\/www.k-fastigheter.se\/#website"},"primaryImageOfPage":{"@id":"https:\/\/www.k-fastigheter.se\/en\/home-insurance-croisette\/#primaryimage"},"image":{"@id":"https:\/\/www.k-fastigheter.se\/en\/home-insurance-croisette\/#primaryimage"},"thumbnailUrl":"https:\/\/www.k-fastigheter.se\/app\/uploads\/2023\/09\/croisette-jpg-webp.webp","datePublished":"2025-02-07T10:51:19+00:00","dateModified":"2025-06-03T13:32:21+00:00","breadcrumb":{"@id":"https:\/\/www.k-fastigheter.se\/en\/home-insurance-croisette\/#breadcrumb"},"inLanguage":"en-US","potentialAction":[{"@type":"ReadAction","target":["https:\/\/www.k-fastigheter.se\/en\/home-insurance-croisette\/"]}]},{"@type":"ImageObject","inLanguage":"en-US","@id":"https:\/\/www.k-fastigheter.se\/en\/home-insurance-croisette\/#primaryimage","url":"https:\/\/www.k-fastigheter.se\/app\/uploads\/2023\/09\/croisette-jpg-webp.webp","contentUrl":"https:\/\/www.k-fastigheter.se\/app\/uploads\/2023\/09\/croisette-jpg-webp.webp"},{"@type":"BreadcrumbList","@id":"https:\/\/www.k-fastigheter.se\/en\/home-insurance-croisette\/#breadcrumb","itemListElement":[{"@type":"ListItem","position":1,"name":"Hem","item":"https:\/\/www.k-fastigheter.se\/en\/"},{"@type":"ListItem","position":2,"name":"Home insurance Croisette"}]},{"@type":"WebSite","@id":"https:\/\/www.k-fastigheter.se\/#website","url":"https:\/\/www.k-fastigheter.se\/","name":"K-Fastigheter","description":"","publisher":{"@id":"https:\/\/www.k-fastigheter.se\/#organization"},"potentialAction":[{"@type":"SearchAction","target":{"@type":"EntryPoint","urlTemplate":"https:\/\/www.k-fastigheter.se\/?s={search_term_string}"},"query-input":{"@type":"PropertyValueSpecification","valueRequired":true,"valueName":"search_term_string"}}],"inLanguage":"en-US"},{"@type":"Organization","@id":"https:\/\/www.k-fastigheter.se\/#organization","name":"K-Fastigheter","url":"https:\/\/www.k-fastigheter.se\/","logo":{"@type":"ImageObject","inLanguage":"en-US","@id":"https:\/\/www.k-fastigheter.se\/#\/schema\/logo\/image\/","url":"https:\/\/www.k-fastigheter.se\/app\/uploads\/2025\/06\/k-fast_logo-guld_rgb-scaled.webp","contentUrl":"https:\/\/www.k-fastigheter.se\/app\/uploads\/2025\/06\/k-fast_logo-guld_rgb-scaled.webp","width":2560,"height":1565,"caption":"K-Fastigheter"},"image":{"@id":"https:\/\/www.k-fastigheter.se\/#\/schema\/logo\/image\/"}}]}},"_links":{"self":[{"href":"https:\/\/www.k-fastigheter.se\/en\/wp-json\/wp\/v2\/pages\/20355","targetHints":{"allow":["GET"]}}],"collection":[{"href":"https:\/\/www.k-fastigheter.se\/en\/wp-json\/wp\/v2\/pages"}],"about":[{"href":"https:\/\/www.k-fastigheter.se\/en\/wp-json\/wp\/v2\/types\/page"}],"author":[{"embeddable":true,"href":"https:\/\/www.k-fastigheter.se\/en\/wp-json\/wp\/v2\/users\/1"}],"replies":[{"embeddable":true,"href":"https:\/\/www.k-fastigheter.se\/en\/wp-json\/wp\/v2\/comments?post=20355"}],"version-history":[{"count":3,"href":"https:\/\/www.k-fastigheter.se\/en\/wp-json\/wp\/v2\/pages\/20355\/revisions"}],"predecessor-version":[{"id":20762,"href":"https:\/\/www.k-fastigheter.se\/en\/wp-json\/wp\/v2\/pages\/20355\/revisions\/20762"}],"wp:attachment":[{"href":"https:\/\/www.k-fastigheter.se\/en\/wp-json\/wp\/v2\/media?parent=20355"}],"curies":[{"name":"wp","href":"https:\/\/api.w.org\/{rel}","templated":true}]}}