{"id":18235,"date":"2024-06-19T09:03:31","date_gmt":"2024-06-19T07:03:31","guid":{"rendered":"https:\/\/www.k-fastigheter.se\/?page_id=18235"},"modified":"2025-05-14T11:29:39","modified_gmt":"2025-05-14T09:29:39","slug":"available-premises","status":"publish","type":"page","link":"https:\/\/www.k-fastigheter.se\/en\/available-premises\/","title":{"rendered":"VACTANT premises"},"content":{"rendered":"\n<div class=\"wp-block-cover alignfull\" style=\"min-height:35vw;aspect-ratio:unset;\"><span aria-hidden=\"true\" class=\"wp-block-cover__background has-background-dim-100 has-background-dim has-background-gradient has-kfast-hero-gradient-background\"><\/span><img loading=\"lazy\" decoding=\"async\" width=\"2560\" height=\"1709\" src=\"https:\/\/www.k-fastigheter.se\/app\/uploads\/2024\/08\/image004-scaled.webp\" class=\"wp-block-cover__image-background wp-post-image\" alt=\"\" data-object-fit=\"cover\" srcset=\"https:\/\/www.k-fastigheter.se\/app\/uploads\/2024\/08\/image004-scaled.webp 2560w, https:\/\/www.k-fastigheter.se\/app\/uploads\/2024\/08\/image004-300x200.webp 300w, https:\/\/www.k-fastigheter.se\/app\/uploads\/2024\/08\/image004-1024x683.webp 1024w, https:\/\/www.k-fastigheter.se\/app\/uploads\/2024\/08\/image004-768x513.webp 768w, https:\/\/www.k-fastigheter.se\/app\/uploads\/2024\/08\/image004-1600x1068.webp 1600w, https:\/\/www.k-fastigheter.se\/app\/uploads\/2024\/08\/image004-1536x1025.webp 1536w, https:\/\/www.k-fastigheter.se\/app\/uploads\/2024\/08\/image004-2048x1367.webp 2048w, https:\/\/www.k-fastigheter.se\/app\/uploads\/2024\/08\/image004-640x427.webp 640w\" sizes=\"auto, (max-width: 2560px) 100vw, 2560px\" \/><div class=\"wp-block-cover__inner-container is-layout-constrained wp-block-cover-is-layout-constrained\">\n<h1 class=\"wp-block-heading has-text-align-left has-accent-2-color has-text-color\">VACANT premises<\/h1>\n\n\n\n<p><\/p>\n<\/div><\/div>\n\n\n\n<h2 class=\"wp-block-heading alignwide\">VACANT premises RIGHT NOW<\/h2>\n\n\n\n<div style=\"height:32px\" aria-hidden=\"true\" class=\"wp-block-spacer\"><\/div>\n\n\n<div class=\"kfast-vitecfilter alignwide\" id=\"block_8d6364abc959a36fe804d3b8c11c9202\"><div class=\"swichholder\"><div class=\"vitec-map-items swichable hidden\"><div class=\"acf-map\" data-zoom=\"16\"><div class=\"marker\" data-lat=\"57.7288\" data-lng=\"12.9196\" data-city=\"Bor\u00e5s\" data-rok=\"\"><h2><span class=\"type\">Store<\/span>Gr\u00f6nbogatan 5 A<\/h2><p>Bor\u00e5s &#8211; Get\u00e4ngen Industriomr\u00e5de<\/p><p class=\"tilltrade\">Access: Immediately<\/p><ul class=\"meta\"><li>17 790 SEK\/month<\/li><li>517 m\u00b2<\/li><li>-1 bedroom<\/li><\/ul><a href=\"https:\/\/minasidor.k-fastigheter.se\/ledigt\/detalj\/id\/1741-2009\" target=\"_blank\">Apply<svg xmlns=\"http:\/\/www.w3.org\/2000\/svg\" viewBox=\"0 0 16 16\" fill=\"currentColor\" class=\"w-4 h-4\"><path d=\"M6.22 8.72a.75.75 0 0 0 1.06 1.06l5.22-5.22v1.69a.75.75 0 0 0 1.5 0v-3.5a.75.75 0 0 0-.75-.75h-3.5a.75.75 0 0 0 0 1.5h1.69L6.22 8.72Z\" \/><path d=\"M3.5 6.75c0-.69.56-1.25 1.25-1.25H7A.75.75 0 0 0 7 4H4.75A2.75 2.75 0 0 0 2 6.75v4.5A2.75 2.75 0 0 0 4.75 14h4.5A2.75 2.75 0 0 0 12 11.25V9a.75.75 0 0 0-1.5 0v2.25c0 .69-.56 1.25-1.25 1.25h-4.5c-.69 0-1.25-.56-1.25-1.25v-4.5Z\" \/><\/svg><\/a><\/div><\/div><\/div><div class=\"vitec-items swichable visible\"><a class=\"item\" href=\"https:\/\/minasidor.k-fastigheter.se\/ledigt\/detalj\/id\/1741-2009\" target=\"_blank\" data-city=\"Bor\u00e5s\" data-rok=\"\"><figure><img decoding=\"async\" loading=\"lazy\" alt=\"Gr\u00f6nbogatan 5 A\" src=\"https:\/\/minasidor.k-fastigheter.se\/Content\/Image\/e6e54f95-defd-4b10-ac85-829a318f150f\/400\/250\/true\"\/><span class=\"button\">Apply<svg xmlns=\"http:\/\/www.w3.org\/2000\/svg\" viewBox=\"0 0 16 16\" fill=\"currentColor\" class=\"w-4 h-4\"><path d=\"M6.22 8.72a.75.75 0 0 0 1.06 1.06l5.22-5.22v1.69a.75.75 0 0 0 1.5 0v-3.5a.75.75 0 0 0-.75-.75h-3.5a.75.75 0 0 0 0 1.5h1.69L6.22 8.72Z\" \/><path d=\"M3.5 6.75c0-.69.56-1.25 1.25-1.25H7A.75.75 0 0 0 7 4H4.75A2.75 2.75 0 0 0 2 6.75v4.5A2.75 2.75 0 0 0 4.75 14h4.5A2.75 2.75 0 0 0 12 11.25V9a.75.75 0 0 0-1.5 0v2.25c0 .69-.56 1.25-1.25 1.25h-4.5c-.69 0-1.25-.56-1.25-1.25v-4.5Z\" \/><\/svg><\/span><\/figure><h2><span class=\"type\">Store<\/span>Gr\u00f6nbogatan 5 A<\/h2><p>Bor\u00e5s &#8211; Get\u00e4ngen Industriomr\u00e5de<\/p><p class=\"tilltrade\">Access: Immediately<\/p><ul class=\"meta\"><li>17 790 SEK\/month<\/li><li>517 m\u00b2<\/li><\/ul><\/a><\/div><\/div><div class=\"map-list-swicher\"><button data-show=\"vitec-items\" class=\"active\">Gallery<\/button><button data-show=\"vitec-map-items\">Map<\/button><\/div><div class=\"filter\"><div class=\"filtergroup citites\"><button class=\"active\" data-filter=\"city\" data-value=\"*\">All localities<\/button><button data-filter=\"city\" data-value=\"Bor\u00e5s\">Bor\u00e5s<\/button><button data-filter=\"city\" data-value=\"Eskilstuna\">Eskilstuna<\/button><button data-filter=\"city\" data-value=\"Falkenberg\">Falkenberg<\/button><button data-filter=\"city\" data-value=\"G\u00e4vle\">G\u00e4vle<\/button><button data-filter=\"city\" data-value=\"G\u00f6teborg\">G\u00f6teborg<\/button><button data-filter=\"city\" data-value=\"Kristianstad\">Kristianstad<\/button><button data-filter=\"city\" data-value=\"Nyk\u00f6ping\">Nyk\u00f6ping<\/button><button data-filter=\"city\" data-value=\"Str\u00e4ngn\u00e4s\">Str\u00e4ngn\u00e4s<\/button><button data-filter=\"city\" data-value=\"Surte\">Surte<\/button><button data-filter=\"city\" data-value=\"Uppsala\">Uppsala<\/button><button data-filter=\"city\" data-value=\"V\u00e4nersborg\">V\u00e4nersborg<\/button><button data-filter=\"city\" data-value=\"V\u00e4ster\u00e5s\">V\u00e4ster\u00e5s<\/button><button data-filter=\"city\" data-value=\"\u00d6rebro\">\u00d6rebro<\/button><\/div><span class=\"filterinfo\">Total 1 objects.<\/span><\/div><\/div><script id=\"gmap-script\" data-src=\"https:\/\/maps.googleapis.com\/maps\/api\/js?key=AIzaSyBCO2qZkfh0DLyNAMd98HbyAOVo5LcJP7U&#038;callback=initMap&#038;loading=async\"><\/script>\n\n    <script type=\"text\/javascript\">\n        jQuery(window).load(function() {\n            const queryurl = new URL(window.location);\n            queryurl.searchParams.forEach((value, key) => {\n                jQuery('.kfast-vitecfilter .filter button[data-filter=\"'+key+'\"][data-value=\"'+value+'\"]').trigger( \"click\" );\n            });\n        });\n\/*         jQuery(window).load(function() {\n            jQuery('.kfast-vitecfilter .filter button[data-value=\"\"]').trigger( \"click\" );\n        }); *\/\n    <\/script>\n\n<script type=\"text\/javascript\">\nvar map;\nvar marker = null;\nvar markers = null;\n\/\/(function( $ ) {\n\n\/**\n * initMap\n *\n * Renders a Google Map onto the selected jQuery element\n *\n * @date    22\/10\/19\n * @since   5.8.6\n *\n * @param   jQuery $el The jQuery element.\n * @return  object The map instance.\n *\/\nasync function initMap( $el ) {\n\n    const { Map } = await google.maps.importLibrary(\"maps\");\n    \/\/ Find marker elements within map.\n    var $markers = $el.find('.marker');\n\n    \/\/ Create gerenic map.\n    var mapArgs = {\n        zoom        : $el.data('zoom') || 16,\n        mapTypeId   : google.maps.MapTypeId.ROADMAP\n    };\n    var map = new google.maps.Map( $el[0], mapArgs );\n\n    \/\/ Add markers.\n    map.markers = [];\n    $markers.each(function(){\n        initMarker( jQuery(this), map );\n    });\n\n    \/\/ Center map based on markers.\n    centerMap( map );\n\n    \/\/ Return map instance.\n    return map;\n}\n\n\/**\n * initMarker\n *\n * Creates a marker for the given jQuery element and map.\n *\n * @date    22\/10\/19\n * @since   5.8.6\n *\n * @param   jQuery $el The jQuery element.\n * @param   object The map instance.\n * @return  object The marker instance.\n *\/\nfunction initMarker( $marker, map ) {\n\n    \/\/ Get position from marker.\n    var lat = $marker.data('lat');\n    var lng = $marker.data('lng');\n    var cityvalue = $marker.data('city');\n    var rokvalue = $marker.data('rok');\n    var latLng = {\n        lat: parseFloat( lat ),\n        lng: parseFloat( lng )\n    };\n\n    \/\/ Create marker instance.\n    const image = {\n        url: \"https:\/\/www.k-fastigheter.se\/app\/themes\/k-fastigheter\/assets\/img\/marker.png\",\n        size: new google.maps.Size(28, 33),\n        origin: new google.maps.Point(0, 0),\n        anchor: new google.maps.Point(14, 33),\n    };\n    \n    var marker = new google.maps.Marker({\n        position : latLng,\n        map: map,\n        cityfilter : cityvalue,\n        rokfilter : rokvalue,\n        icon: image,\n    });\n\n    \/\/ Append to reference for later use.\n    map.markers.push( marker );\n\n    \/\/ If marker contains HTML, add it to an infoWindow.\n    if( $marker.html() ){\n\n        \/\/ Create info window.\n        var infowindow = new google.maps.InfoWindow({\n            content: $marker.html()\n        });\n\n        \/\/ Show info window when marker is clicked.\n        google.maps.event.addListener(marker, 'click', function() {\n            infowindow.open( map, marker );\n        });\n    }\n}\n\n\n\nfunction filterMarkers(category) {\n    for (i = 0; i < map.markers.length; i++) {\n        marker = map.markers[i];\n        \n        var cityshow = true;\n        if(category.city[0] !== '*') { \n            cityshow = false;\n            var cityStr = category.city.toString();\n            if(cityStr.includes(marker.cityfilter)) {\n                cityshow = true;\n            }\n        }\n\n        var rokshow = true;\n        if(category.rok[0] !== '*') { \/\/ [1][1] = rok\n            rokshow = false;\n            var rokStr = category.rok.toString();\n            if(rokStr.includes(marker.rokfilter)) {\n                rokshow = true;\n            }\n        }\n\n        if(cityshow == true) {\n            if(rokshow == true) {\n                marker.setVisible(true);\n            } else {\n                marker.setVisible(false);\n            }\n        } else {\n            marker.setVisible(false);\n        }\n    }\n    centerMap( map );\n}\n\n\n\/**\n * centerMap\n *\n * Centers the map showing all markers in view.\n *\n * @date    22\/10\/19\n * @since   5.8.6\n *\n * @param   object The map instance.\n * @return  void\n *\/\nfunction centerMap( map ) {\n\n    \/\/ Create map boundaries from all map markers.\n    var bounds = new google.maps.LatLngBounds();\n    map.markers.forEach(function( marker ){\n        if(marker.visible == true) {\n            bounds.extend({\n                lat: marker.position.lat(),\n                lng: marker.position.lng()\n            });\n        }\n\n    });\n\n    \/\/ Case: Single marker.\n    if( map.markers.length == 1 ){\n        map.setCenter( bounds.getCenter() );\n\n    \/\/ Case: Multiple markers.\n    } else{\n        map.fitBounds( bounds );\n        var zoom = map.getZoom();\n        map.setZoom(zoom > 13 ? 13 : zoom);\n    }\n}\n\n\/\/ Render maps on page load.\nvar map = null;\n\/\/ jQuery(document).ready(function(){\nlet activemap = 0; \njQuery( 'body' ).on( 'click', '.kfast-vitecfilter .map-list-swicher button[data-show=\"vitec-map-items\"]', function() {\n    \/\/ data-show=\"vitec-map-items\"\n    if(activemap < 1){\n\n        (g=>{var h,a,k,p=\"The Google Maps JavaScript API\",c=\"google\",l=\"importLibrary\",q=\"__ib__\",m=document,b=window;b=b[c]||(b[c]={});var d=b.maps||(b.maps={}),r=new Set,e=new URLSearchParams,u=()=>h||(h=new Promise(async(f,n)=>{await (a=m.createElement(\"script\"));e.set(\"libraries\",[...r]+\"\");for(k in g)e.set(k.replace(\/[A-Z]\/g,t=>\"_\"+t[0].toLowerCase()),g[k]);e.set(\"callback\",c+\".maps.\"+q);a.src=`https:\/\/maps.${c}apis.com\/maps\/api\/js?`+e;d[q]=f;a.onerror=()=>h=n(Error(p+\" could not load.\"));a.nonce=m.querySelector(\"script[nonce]\")?.nonce||\"\";m.head.append(a)}));d[l]?console.warn(p+\" only loads once. Ignoring:\",g):d[l]=(f,...n)=>r.add(f)&&u().then(()=>d[l](f,...n))})({\n            key: \"AIzaSyBCO2qZkfh0DLyNAMd98HbyAOVo5LcJP7U\",\n            v: \"weekly\",\n            \/\/ Use the 'v' parameter to indicate the version to use (weekly, beta, alpha, etc.).\n            \/\/ Add other bootstrap parameters as needed, using camel case.\n        });\n\n        jQuery('.acf-map').each(function(){\n            var thismap = jQuery(this);\n            map = initMap( thismap );\n            console.log(map);\n        });\n        activemap ++;\n    }\n\n\n});\n\n\/\/ })(jQuery);\n<\/script>","protected":false},"excerpt":{"rendered":"<p>VACANT premises RIGHT NOW<\/p>\n","protected":false},"author":1,"featured_media":18878,"parent":0,"menu_order":15,"comment_status":"closed","ping_status":"closed","template":"","meta":{"_acf_changed":false,"_eb_attr":"","inline_featured_image":false,"footnotes":""},"class_list":["post-18235","page","type-page","status-publish","has-post-thumbnail","hentry"],"acf":[],"yoast_head":"<!-- This site is optimized with the Yoast SEO plugin v26.3 - https:\/\/yoast.com\/wordpress\/plugins\/seo\/ -->\n<title>VACTANT premises - K-Fastigheter<\/title>\n<meta name=\"robots\" content=\"index, follow, max-snippet:-1, max-image-preview:large, max-video-preview:-1\" \/>\n<link rel=\"canonical\" href=\"https:\/\/www.k-fastigheter.se\/en\/available-premises\/\" \/>\n<meta property=\"og:locale\" content=\"en_US\" \/>\n<meta property=\"og:type\" content=\"article\" \/>\n<meta property=\"og:title\" content=\"VACTANT premises - K-Fastigheter\" \/>\n<meta property=\"og:description\" content=\"VACANT premises RIGHT NOW\" \/>\n<meta property=\"og:url\" content=\"https:\/\/www.k-fastigheter.se\/en\/available-premises\/\" \/>\n<meta property=\"og:site_name\" content=\"K-Fastigheter\" \/>\n<meta property=\"article:modified_time\" content=\"2025-05-14T09:29:39+00:00\" \/>\n<meta property=\"og:image\" content=\"https:\/\/www.k-fastigheter.se\/app\/uploads\/2024\/08\/image004-scaled.webp\" \/>\n\t<meta property=\"og:image:width\" content=\"2560\" \/>\n\t<meta property=\"og:image:height\" content=\"1709\" \/>\n\t<meta property=\"og:image:type\" content=\"image\/jpeg\" \/>\n<meta name=\"twitter:card\" content=\"summary_large_image\" \/>\n<meta name=\"twitter:label1\" content=\"Est. reading time\" \/>\n\t<meta name=\"twitter:data1\" content=\"1 minute\" \/>\n<script type=\"application\/ld+json\" class=\"yoast-schema-graph\">{\"@context\":\"https:\/\/schema.org\",\"@graph\":[{\"@type\":\"WebPage\",\"@id\":\"https:\/\/www.k-fastigheter.se\/en\/available-premises\/\",\"url\":\"https:\/\/www.k-fastigheter.se\/en\/available-premises\/\",\"name\":\"VACTANT premises - K-Fastigheter\",\"isPartOf\":{\"@id\":\"https:\/\/www.k-fastigheter.se\/#website\"},\"primaryImageOfPage\":{\"@id\":\"https:\/\/www.k-fastigheter.se\/en\/available-premises\/#primaryimage\"},\"image\":{\"@id\":\"https:\/\/www.k-fastigheter.se\/en\/available-premises\/#primaryimage\"},\"thumbnailUrl\":\"https:\/\/www.k-fastigheter.se\/app\/uploads\/2024\/08\/image004-scaled.webp\",\"datePublished\":\"2024-06-19T07:03:31+00:00\",\"dateModified\":\"2025-05-14T09:29:39+00:00\",\"breadcrumb\":{\"@id\":\"https:\/\/www.k-fastigheter.se\/en\/available-premises\/#breadcrumb\"},\"inLanguage\":\"en-US\",\"potentialAction\":[{\"@type\":\"ReadAction\",\"target\":[\"https:\/\/www.k-fastigheter.se\/en\/available-premises\/\"]}]},{\"@type\":\"ImageObject\",\"inLanguage\":\"en-US\",\"@id\":\"https:\/\/www.k-fastigheter.se\/en\/available-premises\/#primaryimage\",\"url\":\"https:\/\/www.k-fastigheter.se\/app\/uploads\/2024\/08\/image004-scaled.webp\",\"contentUrl\":\"https:\/\/www.k-fastigheter.se\/app\/uploads\/2024\/08\/image004-scaled.webp\",\"width\":2560,\"height\":1709},{\"@type\":\"BreadcrumbList\",\"@id\":\"https:\/\/www.k-fastigheter.se\/en\/available-premises\/#breadcrumb\",\"itemListElement\":[{\"@type\":\"ListItem\",\"position\":1,\"name\":\"Hem\",\"item\":\"https:\/\/www.k-fastigheter.se\/en\/\"},{\"@type\":\"ListItem\",\"position\":2,\"name\":\"VACTANT premises\"}]},{\"@type\":\"WebSite\",\"@id\":\"https:\/\/www.k-fastigheter.se\/#website\",\"url\":\"https:\/\/www.k-fastigheter.se\/\",\"name\":\"K-Fastigheter\",\"description\":\"\",\"publisher\":{\"@id\":\"https:\/\/www.k-fastigheter.se\/#organization\"},\"potentialAction\":[{\"@type\":\"SearchAction\",\"target\":{\"@type\":\"EntryPoint\",\"urlTemplate\":\"https:\/\/www.k-fastigheter.se\/?s={search_term_string}\"},\"query-input\":{\"@type\":\"PropertyValueSpecification\",\"valueRequired\":true,\"valueName\":\"search_term_string\"}}],\"inLanguage\":\"en-US\"},{\"@type\":\"Organization\",\"@id\":\"https:\/\/www.k-fastigheter.se\/#organization\",\"name\":\"K-Fastigheter\",\"url\":\"https:\/\/www.k-fastigheter.se\/\",\"logo\":{\"@type\":\"ImageObject\",\"inLanguage\":\"en-US\",\"@id\":\"https:\/\/www.k-fastigheter.se\/#\/schema\/logo\/image\/\",\"url\":\"https:\/\/www.k-fastigheter.se\/app\/uploads\/2025\/06\/k-fast_logo-guld_rgb-scaled.webp\",\"contentUrl\":\"https:\/\/www.k-fastigheter.se\/app\/uploads\/2025\/06\/k-fast_logo-guld_rgb-scaled.webp\",\"width\":2560,\"height\":1565,\"caption\":\"K-Fastigheter\"},\"image\":{\"@id\":\"https:\/\/www.k-fastigheter.se\/#\/schema\/logo\/image\/\"}}]}<\/script>\n<!-- \/ Yoast SEO plugin. -->","yoast_head_json":{"title":"VACTANT premises - K-Fastigheter","robots":{"index":"index","follow":"follow","max-snippet":"max-snippet:-1","max-image-preview":"max-image-preview:large","max-video-preview":"max-video-preview:-1"},"canonical":"https:\/\/www.k-fastigheter.se\/en\/available-premises\/","og_locale":"en_US","og_type":"article","og_title":"VACTANT premises - K-Fastigheter","og_description":"VACANT premises RIGHT NOW","og_url":"https:\/\/www.k-fastigheter.se\/en\/available-premises\/","og_site_name":"K-Fastigheter","article_modified_time":"2025-05-14T09:29:39+00:00","og_image":[{"width":2560,"height":1709,"url":"https:\/\/www.k-fastigheter.se\/app\/uploads\/2024\/08\/image004-scaled.webp","type":"image\/jpeg"}],"twitter_card":"summary_large_image","twitter_misc":{"Est. reading time":"1 minute"},"schema":{"@context":"https:\/\/schema.org","@graph":[{"@type":"WebPage","@id":"https:\/\/www.k-fastigheter.se\/en\/available-premises\/","url":"https:\/\/www.k-fastigheter.se\/en\/available-premises\/","name":"VACTANT premises - K-Fastigheter","isPartOf":{"@id":"https:\/\/www.k-fastigheter.se\/#website"},"primaryImageOfPage":{"@id":"https:\/\/www.k-fastigheter.se\/en\/available-premises\/#primaryimage"},"image":{"@id":"https:\/\/www.k-fastigheter.se\/en\/available-premises\/#primaryimage"},"thumbnailUrl":"https:\/\/www.k-fastigheter.se\/app\/uploads\/2024\/08\/image004-scaled.webp","datePublished":"2024-06-19T07:03:31+00:00","dateModified":"2025-05-14T09:29:39+00:00","breadcrumb":{"@id":"https:\/\/www.k-fastigheter.se\/en\/available-premises\/#breadcrumb"},"inLanguage":"en-US","potentialAction":[{"@type":"ReadAction","target":["https:\/\/www.k-fastigheter.se\/en\/available-premises\/"]}]},{"@type":"ImageObject","inLanguage":"en-US","@id":"https:\/\/www.k-fastigheter.se\/en\/available-premises\/#primaryimage","url":"https:\/\/www.k-fastigheter.se\/app\/uploads\/2024\/08\/image004-scaled.webp","contentUrl":"https:\/\/www.k-fastigheter.se\/app\/uploads\/2024\/08\/image004-scaled.webp","width":2560,"height":1709},{"@type":"BreadcrumbList","@id":"https:\/\/www.k-fastigheter.se\/en\/available-premises\/#breadcrumb","itemListElement":[{"@type":"ListItem","position":1,"name":"Hem","item":"https:\/\/www.k-fastigheter.se\/en\/"},{"@type":"ListItem","position":2,"name":"VACTANT premises"}]},{"@type":"WebSite","@id":"https:\/\/www.k-fastigheter.se\/#website","url":"https:\/\/www.k-fastigheter.se\/","name":"K-Fastigheter","description":"","publisher":{"@id":"https:\/\/www.k-fastigheter.se\/#organization"},"potentialAction":[{"@type":"SearchAction","target":{"@type":"EntryPoint","urlTemplate":"https:\/\/www.k-fastigheter.se\/?s={search_term_string}"},"query-input":{"@type":"PropertyValueSpecification","valueRequired":true,"valueName":"search_term_string"}}],"inLanguage":"en-US"},{"@type":"Organization","@id":"https:\/\/www.k-fastigheter.se\/#organization","name":"K-Fastigheter","url":"https:\/\/www.k-fastigheter.se\/","logo":{"@type":"ImageObject","inLanguage":"en-US","@id":"https:\/\/www.k-fastigheter.se\/#\/schema\/logo\/image\/","url":"https:\/\/www.k-fastigheter.se\/app\/uploads\/2025\/06\/k-fast_logo-guld_rgb-scaled.webp","contentUrl":"https:\/\/www.k-fastigheter.se\/app\/uploads\/2025\/06\/k-fast_logo-guld_rgb-scaled.webp","width":2560,"height":1565,"caption":"K-Fastigheter"},"image":{"@id":"https:\/\/www.k-fastigheter.se\/#\/schema\/logo\/image\/"}}]}},"_links":{"self":[{"href":"https:\/\/www.k-fastigheter.se\/en\/wp-json\/wp\/v2\/pages\/18235","targetHints":{"allow":["GET"]}}],"collection":[{"href":"https:\/\/www.k-fastigheter.se\/en\/wp-json\/wp\/v2\/pages"}],"about":[{"href":"https:\/\/www.k-fastigheter.se\/en\/wp-json\/wp\/v2\/types\/page"}],"author":[{"embeddable":true,"href":"https:\/\/www.k-fastigheter.se\/en\/wp-json\/wp\/v2\/users\/1"}],"replies":[{"embeddable":true,"href":"https:\/\/www.k-fastigheter.se\/en\/wp-json\/wp\/v2\/comments?post=18235"}],"version-history":[{"count":11,"href":"https:\/\/www.k-fastigheter.se\/en\/wp-json\/wp\/v2\/pages\/18235\/revisions"}],"predecessor-version":[{"id":20750,"href":"https:\/\/www.k-fastigheter.se\/en\/wp-json\/wp\/v2\/pages\/18235\/revisions\/20750"}],"wp:featuredmedia":[{"embeddable":true,"href":"https:\/\/www.k-fastigheter.se\/en\/wp-json\/wp\/v2\/media\/18878"}],"wp:attachment":[{"href":"https:\/\/www.k-fastigheter.se\/en\/wp-json\/wp\/v2\/media?parent=18235"}],"curies":[{"name":"wp","href":"https:\/\/api.w.org\/{rel}","templated":true}]}}